{"id":11006,"date":"2024-07-09T12:03:03","date_gmt":"2024-07-09T10:03:03","guid":{"rendered":"https:\/\/grupoges.es\/seguridad-para-hoteles\/"},"modified":"2025-09-30T18:37:01","modified_gmt":"2025-09-30T16:37:01","slug":"outsourced-security-for-resorts","status":"publish","type":"page","link":"https:\/\/grupoges.es\/en\/outsourced-security-for-resorts\/","title":{"rendered":"Outsourced Security for Resorts"},"content":{"rendered":"\t\t<div data-elementor-type=\"wp-page\" data-elementor-id=\"11006\" class=\"elementor elementor-11006 elementor-9853\">\n\t\t\t\t\t\t<section class=\"elementor-section elementor-top-section elementor-element elementor-element-66ade5e elementor-section-full_width elementor-section-height-default elementor-section-height-default\" data-id=\"66ade5e\" data-element_type=\"section\">\n\t\t\t\t\t\t<div class=\"elementor-container elementor-column-gap-no\">\n\t\t\t\t\t<div class=\"elementor-column elementor-col-100 elementor-top-column elementor-element elementor-element-c01b952\" data-id=\"c01b952\" data-element_type=\"column\">\n\t\t\t<div class=\"elementor-widget-wrap elementor-element-populated\">\n\t\t\t\t\t\t<section class=\"elementor-section elementor-inner-section elementor-element elementor-element-8d51488 elementor-reverse-tablet elementor-reverse-mobile elementor-section-boxed elementor-section-height-default elementor-section-height-default\" data-id=\"8d51488\" data-element_type=\"section\">\n\t\t\t\t\t\t<div class=\"elementor-container elementor-column-gap-no\">\n\t\t\t\t\t<div class=\"elementor-column elementor-col-50 elementor-inner-column elementor-element elementor-element-9eb4083\" data-id=\"9eb4083\" data-element_type=\"column\">\n\t\t\t<div class=\"elementor-widget-wrap elementor-element-populated\">\n\t\t\t\t\t\t<div class=\"elementor-element elementor-element-66b1c02 elementor-widget__width-initial elementor-widget elementor-widget-text-editor\" data-id=\"66b1c02\" data-element_type=\"widget\" data-widget_type=\"text-editor.default\">\n\t\t\t\t<div class=\"elementor-widget-container\">\n\t\t\t\t\t\t\t<div class=\"widget widget_categories \">\n<h3 class=\"widget_title\">All Services:<\/h3>\n<ul>\n \t<li><a href=\"\/en\/hotel-sector-audits\/\">Hotel Sector Audits<\/a><\/li>\n \t<li><a href=\"\/en\/business-information-management\/\">Business Information Management<\/a><\/li>\n \t<li><a href=\"\/en\/private-investigation\/\">Private Investigation<\/a><\/li>\n \t<li><a href=\"\/en\/outsourced-security-for-resorts\/\">Outsourced Security for Resorts<\/a><\/li>\n<\/ul>\n<\/div>\t\t\t\t\t\t<\/div>\n\t\t\t\t<\/div>\n\t\t\t\t<div class=\"elementor-element elementor-element-15ea7c5 elementor-widget elementor-widget-techbizimage\" data-id=\"15ea7c5\" data-element_type=\"widget\" data-widget_type=\"techbizimage.default\">\n\t\t\t\t<div class=\"elementor-widget-container\">\n\t\t\t<!-- Advertisement Image --><div class=\"techbiz_img \"><img decoding=\"async\" class=\"\" src=\"https:\/\/grupoges.es\/wp-content\/uploads\/2024\/08\/logo_escalado-02.png\" alt=\"logo_escalado 02\" ><\/div><!-- End Advertisement Image -->\t\t<\/div>\n\t\t\t\t<\/div>\n\t\t\t\t<div class=\"elementor-element elementor-element-c142079 quote-box p-0 elementor-widget elementor-widget-text-editor\" data-id=\"c142079\" data-element_type=\"widget\" data-widget_type=\"text-editor.default\">\n\t\t\t\t<div class=\"elementor-widget-container\">\n\t\t\t\t\t\t\t<h3 class=\"quote-box__title\">Get in touch<\/h3>\n<a class=\"vs-btn\" style=\"background: #0069B3;\" href=\"\/en\/contact\">Contactar<i class=\"far fa-arrow-right\"><\/i><\/a>\t\t\t\t\t\t<\/div>\n\t\t\t\t<\/div>\n\t\t\t\t\t<\/div>\n\t\t<\/div>\n\t\t\t\t<div class=\"elementor-column elementor-col-50 elementor-inner-column elementor-element elementor-element-6a03dfe\" data-id=\"6a03dfe\" data-element_type=\"column\">\n\t\t\t<div class=\"elementor-widget-wrap elementor-element-populated\">\n\t\t\t\t\t\t<div class=\"elementor-element elementor-element-0a2591f elementor-widget elementor-widget-image\" data-id=\"0a2591f\" data-element_type=\"widget\" data-widget_type=\"image.default\">\n\t\t\t\t<div class=\"elementor-widget-container\">\n\t\t\t\t\t\t\t\t\t\t\t\t\t<img fetchpriority=\"high\" decoding=\"async\" width=\"1000\" height=\"600\" src=\"https:\/\/grupoges.es\/wp-content\/uploads\/2024\/09\/seguridad-movil-gessecurity.png\" class=\"attachment-full size-full wp-image-11413\" alt=\"seguridad movil gessecurity\" srcset=\"https:\/\/grupoges.es\/wp-content\/uploads\/2024\/09\/seguridad-movil-gessecurity.png 1000w, https:\/\/grupoges.es\/wp-content\/uploads\/2024\/09\/seguridad-movil-gessecurity-300x180.png 300w, https:\/\/grupoges.es\/wp-content\/uploads\/2024\/09\/seguridad-movil-gessecurity-768x461.png 768w, https:\/\/grupoges.es\/wp-content\/uploads\/2024\/09\/seguridad-movil-gessecurity-600x360.png 600w\" sizes=\"(max-width: 1000px) 100vw, 1000px\" \/>\t\t\t\t\t\t\t\t\t\t\t\t\t<\/div>\n\t\t\t\t<\/div>\n\t\t\t\t<div class=\"elementor-element elementor-element-ed175d0 elementor-widget elementor-widget-heading\" data-id=\"ed175d0\" data-element_type=\"widget\" data-widget_type=\"heading.default\">\n\t\t\t\t<div class=\"elementor-widget-container\">\n\t\t\t<h4 class=\"elementor-heading-title elementor-size-default\">GesSecurity Method: Outsourced Security Management for Caribbean Resorts<\/h4>\t\t<\/div>\n\t\t\t\t<\/div>\n\t\t\t\t<div class=\"elementor-element elementor-element-aad226d elementor-widget elementor-widget-text-editor\" data-id=\"aad226d\" data-element_type=\"widget\" data-widget_type=\"text-editor.default\">\n\t\t\t\t<div class=\"elementor-widget-container\">\n\t\t\t\t\t\t\t<p>Our security solutions help leading companies in the sector optimize the systems in place that affect the company\u2019s security and overall interests.<\/p><p>Our team is made up of Licensed Private Detectives and specialists in the field of Private Security.<\/p><p>Thanks to our proprietary master methodology and comprehensive security management, our clients are achieving significant benefits while fostering a culture of prevention across their resorts.<\/p><p>Our primary scope of operations is in the Dominican Republic, Mexico, and Jamaica.<\/p>\t\t\t\t\t\t<\/div>\n\t\t\t\t<\/div>\n\t\t\t\t<div class=\"elementor-element elementor-element-b4c5341 elementor-widget__width-initial elementor-widget-mobile__width-inherit elementor-widget elementor-widget-text-editor\" data-id=\"b4c5341\" data-element_type=\"widget\" data-widget_type=\"text-editor.default\">\n\t\t\t\t<div class=\"elementor-widget-container\">\n\t\t\t\t\t\t\t<div class=\"service-list-box\"><h3 class=\"h5 title\">Method process:<\/h3><div class=\"list-style3\"><p><strong>1<\/strong> We conduct a security audit of the property to assess the current situation and create the Operations Manual, which specifies response protocols and optimizes HR for the department.<\/p><p><b>2<\/b> We implement our Operations Manual, delivering training and establishing the necessary controls. We provide outsourced management of the resort\u2019s comprehensive security, covering the perimeter, guests, employees, and suppliers.<\/p><p><b>3<\/b> Management and control of F&amp;B and maintenance warehouses.<\/p><p><b>4<\/b> Ad hoc indirect audits.<\/p><\/div><\/div>\t\t\t\t\t\t<\/div>\n\t\t\t\t<\/div>\n\t\t\t\t\t<\/div>\n\t\t<\/div>\n\t\t\t\t\t<\/div>\n\t\t<\/section>\n\t\t\t\t\t<\/div>\n\t\t<\/div>\n\t\t\t\t\t<\/div>\n\t\t<\/section>\n\t\t\t\t<\/div>\n\t\t","protected":false},"excerpt":{"rendered":"<p>All Services: Hotel Sector Audits Business Information Management Private Investigation Outsourced Security for Resorts Get in touch Contactar GesSecurity Method: Outsourced Security Management for Caribbean Resorts Our security solutions help leading companies in the sector optimize the systems in place that affect the company\u2019s security and overall interests. Our team is made up of Licensed&#8230;<\/p>\n","protected":false},"author":1,"featured_media":0,"parent":0,"menu_order":0,"comment_status":"closed","ping_status":"closed","template":"template-builder.php","meta":{"footnotes":""},"class_list":["post-11006","page","type-page","status-publish","hentry"],"yoast_head":"<!-- This site is optimized with the Yoast SEO plugin v23.5 - https:\/\/yoast.com\/wordpress\/plugins\/seo\/ -->\n<title>Outsourced Security for Resorts - GrupoGes<\/title>\n<meta name=\"description\" content=\"At GrupoGes, we have been working since 1995 to make information a tool that optimizes the management and direction of your business.\" \/>\n<meta name=\"robots\" content=\"index, follow, max-snippet:-1, max-image-preview:large, max-video-preview:-1\" \/>\n<link rel=\"canonical\" href=\"https:\/\/grupoges.es\/en\/outsourced-security-for-resorts\/\" \/>\n<meta property=\"og:locale\" content=\"en_US\" \/>\n<meta property=\"og:type\" content=\"article\" \/>\n<meta property=\"og:title\" content=\"Outsourced Security for Resorts - GrupoGes\" \/>\n<meta property=\"og:description\" content=\"At GrupoGes, we have been working since 1995 to make information a tool that optimizes the management and direction of your business.\" \/>\n<meta property=\"og:url\" content=\"https:\/\/grupoges.es\/en\/outsourced-security-for-resorts\/\" \/>\n<meta property=\"og:site_name\" content=\"GrupoGes\" \/>\n<meta property=\"article:modified_time\" content=\"2025-09-30T16:37:01+00:00\" \/>\n<meta property=\"og:image\" content=\"https:\/\/grupoges.es\/wp-content\/uploads\/2024\/08\/logo_escalado-02.png\" \/>\n<meta name=\"twitter:card\" content=\"summary_large_image\" \/>\n<meta name=\"twitter:label1\" content=\"Est. reading time\" \/>\n\t<meta name=\"twitter:data1\" content=\"2 minutes\" \/>\n<script type=\"application\/ld+json\" class=\"yoast-schema-graph\">{\"@context\":\"https:\/\/schema.org\",\"@graph\":[{\"@type\":\"WebPage\",\"@id\":\"https:\/\/grupoges.es\/en\/outsourced-security-for-resorts\/\",\"url\":\"https:\/\/grupoges.es\/en\/outsourced-security-for-resorts\/\",\"name\":\"Outsourced Security for Resorts - GrupoGes\",\"isPartOf\":{\"@id\":\"https:\/\/grupoges.es\/#website\"},\"primaryImageOfPage\":{\"@id\":\"https:\/\/grupoges.es\/en\/outsourced-security-for-resorts\/#primaryimage\"},\"image\":{\"@id\":\"https:\/\/grupoges.es\/en\/outsourced-security-for-resorts\/#primaryimage\"},\"thumbnailUrl\":\"https:\/\/grupoges.es\/wp-content\/uploads\/2024\/08\/logo_escalado-02.png\",\"datePublished\":\"2024-07-09T10:03:03+00:00\",\"dateModified\":\"2025-09-30T16:37:01+00:00\",\"description\":\"At GrupoGes, we have been working since 1995 to make information a tool that optimizes the management and direction of your business.\",\"breadcrumb\":{\"@id\":\"https:\/\/grupoges.es\/en\/outsourced-security-for-resorts\/#breadcrumb\"},\"inLanguage\":\"en-US\",\"potentialAction\":[{\"@type\":\"ReadAction\",\"target\":[\"https:\/\/grupoges.es\/en\/outsourced-security-for-resorts\/\"]}]},{\"@type\":\"ImageObject\",\"inLanguage\":\"en-US\",\"@id\":\"https:\/\/grupoges.es\/en\/outsourced-security-for-resorts\/#primaryimage\",\"url\":\"https:\/\/grupoges.es\/wp-content\/uploads\/2024\/08\/logo_escalado-02.png\",\"contentUrl\":\"https:\/\/grupoges.es\/wp-content\/uploads\/2024\/08\/logo_escalado-02.png\"},{\"@type\":\"BreadcrumbList\",\"@id\":\"https:\/\/grupoges.es\/en\/outsourced-security-for-resorts\/#breadcrumb\",\"itemListElement\":[{\"@type\":\"ListItem\",\"position\":1,\"name\":\"Portada\",\"item\":\"https:\/\/grupoges.es\/en\/\"},{\"@type\":\"ListItem\",\"position\":2,\"name\":\"Outsourced Security for Resorts\"}]},{\"@type\":\"WebSite\",\"@id\":\"https:\/\/grupoges.es\/#website\",\"url\":\"https:\/\/grupoges.es\/\",\"name\":\"GrupoGes\",\"description\":\"En GrupoGes llevamos desde el a\u00f1o 1995 trabajando para hacer de la informaci\u00f3n una herramienta que optimice la direcci\u00f3n y gesti\u00f3n de su negocio.\",\"potentialAction\":[{\"@type\":\"SearchAction\",\"target\":{\"@type\":\"EntryPoint\",\"urlTemplate\":\"https:\/\/grupoges.es\/?s={search_term_string}\"},\"query-input\":{\"@type\":\"PropertyValueSpecification\",\"valueRequired\":true,\"valueName\":\"search_term_string\"}}],\"inLanguage\":\"en-US\"}]}<\/script>\n<!-- \/ Yoast SEO plugin. -->","yoast_head_json":{"title":"Outsourced Security for Resorts - GrupoGes","description":"At GrupoGes, we have been working since 1995 to make information a tool that optimizes the management and direction of your business.","robots":{"index":"index","follow":"follow","max-snippet":"max-snippet:-1","max-image-preview":"max-image-preview:large","max-video-preview":"max-video-preview:-1"},"canonical":"https:\/\/grupoges.es\/en\/outsourced-security-for-resorts\/","og_locale":"en_US","og_type":"article","og_title":"Outsourced Security for Resorts - GrupoGes","og_description":"At GrupoGes, we have been working since 1995 to make information a tool that optimizes the management and direction of your business.","og_url":"https:\/\/grupoges.es\/en\/outsourced-security-for-resorts\/","og_site_name":"GrupoGes","article_modified_time":"2025-09-30T16:37:01+00:00","og_image":[{"url":"https:\/\/grupoges.es\/wp-content\/uploads\/2024\/08\/logo_escalado-02.png"}],"twitter_card":"summary_large_image","twitter_misc":{"Est. reading time":"2 minutes"},"schema":{"@context":"https:\/\/schema.org","@graph":[{"@type":"WebPage","@id":"https:\/\/grupoges.es\/en\/outsourced-security-for-resorts\/","url":"https:\/\/grupoges.es\/en\/outsourced-security-for-resorts\/","name":"Outsourced Security for Resorts - GrupoGes","isPartOf":{"@id":"https:\/\/grupoges.es\/#website"},"primaryImageOfPage":{"@id":"https:\/\/grupoges.es\/en\/outsourced-security-for-resorts\/#primaryimage"},"image":{"@id":"https:\/\/grupoges.es\/en\/outsourced-security-for-resorts\/#primaryimage"},"thumbnailUrl":"https:\/\/grupoges.es\/wp-content\/uploads\/2024\/08\/logo_escalado-02.png","datePublished":"2024-07-09T10:03:03+00:00","dateModified":"2025-09-30T16:37:01+00:00","description":"At GrupoGes, we have been working since 1995 to make information a tool that optimizes the management and direction of your business.","breadcrumb":{"@id":"https:\/\/grupoges.es\/en\/outsourced-security-for-resorts\/#breadcrumb"},"inLanguage":"en-US","potentialAction":[{"@type":"ReadAction","target":["https:\/\/grupoges.es\/en\/outsourced-security-for-resorts\/"]}]},{"@type":"ImageObject","inLanguage":"en-US","@id":"https:\/\/grupoges.es\/en\/outsourced-security-for-resorts\/#primaryimage","url":"https:\/\/grupoges.es\/wp-content\/uploads\/2024\/08\/logo_escalado-02.png","contentUrl":"https:\/\/grupoges.es\/wp-content\/uploads\/2024\/08\/logo_escalado-02.png"},{"@type":"BreadcrumbList","@id":"https:\/\/grupoges.es\/en\/outsourced-security-for-resorts\/#breadcrumb","itemListElement":[{"@type":"ListItem","position":1,"name":"Portada","item":"https:\/\/grupoges.es\/en\/"},{"@type":"ListItem","position":2,"name":"Outsourced Security for Resorts"}]},{"@type":"WebSite","@id":"https:\/\/grupoges.es\/#website","url":"https:\/\/grupoges.es\/","name":"GrupoGes","description":"En GrupoGes llevamos desde el a\u00f1o 1995 trabajando para hacer de la informaci\u00f3n una herramienta que optimice la direcci\u00f3n y gesti\u00f3n de su negocio.","potentialAction":[{"@type":"SearchAction","target":{"@type":"EntryPoint","urlTemplate":"https:\/\/grupoges.es\/?s={search_term_string}"},"query-input":{"@type":"PropertyValueSpecification","valueRequired":true,"valueName":"search_term_string"}}],"inLanguage":"en-US"}]}},"_links":{"self":[{"href":"https:\/\/grupoges.es\/en\/wp-json\/wp\/v2\/pages\/11006","targetHints":{"allow":["GET"]}}],"collection":[{"href":"https:\/\/grupoges.es\/en\/wp-json\/wp\/v2\/pages"}],"about":[{"href":"https:\/\/grupoges.es\/en\/wp-json\/wp\/v2\/types\/page"}],"author":[{"embeddable":true,"href":"https:\/\/grupoges.es\/en\/wp-json\/wp\/v2\/users\/1"}],"replies":[{"embeddable":true,"href":"https:\/\/grupoges.es\/en\/wp-json\/wp\/v2\/comments?post=11006"}],"version-history":[{"count":43,"href":"https:\/\/grupoges.es\/en\/wp-json\/wp\/v2\/pages\/11006\/revisions"}],"predecessor-version":[{"id":11753,"href":"https:\/\/grupoges.es\/en\/wp-json\/wp\/v2\/pages\/11006\/revisions\/11753"}],"wp:attachment":[{"href":"https:\/\/grupoges.es\/en\/wp-json\/wp\/v2\/media?parent=11006"}],"curies":[{"name":"wp","href":"https:\/\/api.w.org\/{rel}","templated":true}]}}