{"id":11036,"date":"2024-07-09T12:00:46","date_gmt":"2024-07-09T10:00:46","guid":{"rendered":"https:\/\/grupoges.es\/gestion-informacion-empresarial\/"},"modified":"2025-09-30T13:30:13","modified_gmt":"2025-09-30T11:30:13","slug":"business-information-management","status":"publish","type":"page","link":"https:\/\/grupoges.es\/en\/business-information-management\/","title":{"rendered":"Business information management"},"content":{"rendered":"\t\t<div data-elementor-type=\"wp-page\" data-elementor-id=\"11036\" class=\"elementor elementor-11036 elementor-9849\">\n\t\t\t\t\t\t<section class=\"elementor-section elementor-top-section elementor-element elementor-element-66ade5e elementor-section-full_width elementor-section-height-default elementor-section-height-default\" data-id=\"66ade5e\" data-element_type=\"section\">\n\t\t\t\t\t\t<div class=\"elementor-container elementor-column-gap-no\">\n\t\t\t\t\t<div class=\"elementor-column elementor-col-100 elementor-top-column elementor-element elementor-element-c01b952\" data-id=\"c01b952\" data-element_type=\"column\">\n\t\t\t<div class=\"elementor-widget-wrap elementor-element-populated\">\n\t\t\t\t\t\t<section class=\"elementor-section elementor-inner-section elementor-element elementor-element-8d51488 elementor-reverse-tablet elementor-reverse-mobile elementor-section-boxed elementor-section-height-default elementor-section-height-default\" data-id=\"8d51488\" data-element_type=\"section\">\n\t\t\t\t\t\t<div class=\"elementor-container elementor-column-gap-no\">\n\t\t\t\t\t<div class=\"elementor-column elementor-col-50 elementor-inner-column elementor-element elementor-element-9eb4083\" data-id=\"9eb4083\" data-element_type=\"column\">\n\t\t\t<div class=\"elementor-widget-wrap elementor-element-populated\">\n\t\t\t\t\t\t<div class=\"elementor-element elementor-element-98fc9b2 elementor-widget__width-initial elementor-widget elementor-widget-text-editor\" data-id=\"98fc9b2\" data-element_type=\"widget\" data-widget_type=\"text-editor.default\">\n\t\t\t\t<div class=\"elementor-widget-container\">\n\t\t\t\t\t\t\t<div class=\"widget widget_categories \">\n<h3 class=\"widget_title\">All Services:<\/h3>\n<ul>\n \t<li><a href=\"\/en\/hotel-sector-audits\/\">Hotel Sector Audits<\/a><\/li>\n \t<li><a href=\"\/en\/business-information-management\/\">Business Information Management<\/a><\/li>\n \t<li><a href=\"\/en\/private-investigation\/\">Private Investigation<\/a><\/li>\n \t<li><a href=\"\/en\/outsourced-security-for-resorts\/\">Outsourced Security for Resorts<\/a><\/li>\n<\/ul>\n<\/div>\t\t\t\t\t\t<\/div>\n\t\t\t\t<\/div>\n\t\t\t\t<div class=\"elementor-element elementor-element-2f2fa45 elementor-widget elementor-widget-techbizimage\" data-id=\"2f2fa45\" data-element_type=\"widget\" data-widget_type=\"techbizimage.default\">\n\t\t\t\t<div class=\"elementor-widget-container\">\n\t\t\t<!-- Advertisement Image --><div class=\"techbiz_img \"><img decoding=\"async\" class=\"\" src=\"https:\/\/grupoges.es\/wp-content\/uploads\/2024\/08\/logo_escalado-03-1.png\" alt=\"logo_escalado 03 1\" ><\/div><!-- End Advertisement Image -->\t\t<\/div>\n\t\t\t\t<\/div>\n\t\t\t\t<div class=\"elementor-element elementor-element-c142079 quote-box p-0 elementor-widget elementor-widget-text-editor\" data-id=\"c142079\" data-element_type=\"widget\" data-widget_type=\"text-editor.default\">\n\t\t\t\t<div class=\"elementor-widget-container\">\n\t\t\t\t\t\t\t<h3 class=\"quote-box__title\">Get in touch<\/h3>\n<a class=\"vs-btn\" style=\"background: #928722;\" href=\"\/en\/contact\/\">Contact<i class=\"far fa-arrow-right\"><\/i><\/a>\t\t\t\t\t\t<\/div>\n\t\t\t\t<\/div>\n\t\t\t\t\t<\/div>\n\t\t<\/div>\n\t\t\t\t<div class=\"elementor-column elementor-col-50 elementor-inner-column elementor-element elementor-element-6a03dfe\" data-id=\"6a03dfe\" data-element_type=\"column\">\n\t\t\t<div class=\"elementor-widget-wrap elementor-element-populated\">\n\t\t\t\t\t\t<div class=\"elementor-element elementor-element-0a2591f elementor-widget elementor-widget-image\" data-id=\"0a2591f\" data-element_type=\"widget\" data-widget_type=\"image.default\">\n\t\t\t\t<div class=\"elementor-widget-container\">\n\t\t\t\t\t\t\t\t\t\t\t\t\t<img fetchpriority=\"high\" decoding=\"async\" width=\"1000\" height=\"600\" src=\"https:\/\/grupoges.es\/wp-content\/uploads\/2024\/09\/empresa-gesquality.png\" class=\"attachment-full size-full wp-image-11454\" alt=\"\" srcset=\"https:\/\/grupoges.es\/wp-content\/uploads\/2024\/09\/empresa-gesquality.png 1000w, https:\/\/grupoges.es\/wp-content\/uploads\/2024\/09\/empresa-gesquality-300x180.png 300w, https:\/\/grupoges.es\/wp-content\/uploads\/2024\/09\/empresa-gesquality-768x461.png 768w, https:\/\/grupoges.es\/wp-content\/uploads\/2024\/09\/empresa-gesquality-600x360.png 600w\" sizes=\"(max-width: 1000px) 100vw, 1000px\" \/>\t\t\t\t\t\t\t\t\t\t\t\t\t<\/div>\n\t\t\t\t<\/div>\n\t\t\t\t<div class=\"elementor-element elementor-element-ed175d0 elementor-widget elementor-widget-heading\" data-id=\"ed175d0\" data-element_type=\"widget\" data-widget_type=\"heading.default\">\n\t\t\t\t<div class=\"elementor-widget-container\">\n\t\t\t<h5 class=\"elementor-heading-title elementor-size-default\">Do you think you know your market and competition well enough?<\/h5>\t\t<\/div>\n\t\t\t\t<\/div>\n\t\t\t\t<div class=\"elementor-element elementor-element-aad226d elementor-widget elementor-widget-text-editor\" data-id=\"aad226d\" data-element_type=\"widget\" data-widget_type=\"text-editor.default\">\n\t\t\t\t<div class=\"elementor-widget-container\">\n\t\t\t\t\t\t\t<p>We conduct market studies on purchasing preferences, consumer habits, brand awareness, and product evaluations. Our specialized in-house team engages directly with your target audience to understand market trends.<\/p>\t\t\t\t\t\t<\/div>\n\t\t\t\t<\/div>\n\t\t\t\t<div class=\"elementor-element elementor-element-8d92af4 elementor-widget elementor-widget-heading\" data-id=\"8d92af4\" data-element_type=\"widget\" data-widget_type=\"heading.default\">\n\t\t\t\t<div class=\"elementor-widget-container\">\n\t\t\t<h5 class=\"elementor-heading-title elementor-size-default\">Ready to measure, improve, and build loyalty?<\/h5>\t\t<\/div>\n\t\t\t\t<\/div>\n\t\t\t\t<div class=\"elementor-element elementor-element-b494c95 elementor-widget elementor-widget-text-editor\" data-id=\"b494c95\" data-element_type=\"widget\" data-widget_type=\"text-editor.default\">\n\t\t\t\t<div class=\"elementor-widget-container\">\n\t\t\t\t\t\t\t<p>With a specialized team and proven methodologies, we capture your customers\u2019 real experience during their visit to your establishment. The result: <b>high participation, customer profiles and consumption habits, direct feedback, repeat-and-recommendation indicators<\/b>, and improvement suggestions to maximize the return on your infrastructure investments.<\/p>\t\t\t\t\t\t<\/div>\n\t\t\t\t<\/div>\n\t\t\t\t<div class=\"elementor-element elementor-element-d531b48 elementor-widget elementor-widget-heading\" data-id=\"d531b48\" data-element_type=\"widget\" data-widget_type=\"heading.default\">\n\t\t\t\t<div class=\"elementor-widget-container\">\n\t\t\t<h5 class=\"elementor-heading-title elementor-size-default\">Are your employees the best advocates for your company?<\/h5>\t\t<\/div>\n\t\t\t\t<\/div>\n\t\t\t\t<div class=\"elementor-element elementor-element-66933d2 elementor-widget elementor-widget-text-editor\" data-id=\"66933d2\" data-element_type=\"widget\" data-widget_type=\"text-editor.default\">\n\t\t\t\t<div class=\"elementor-widget-container\">\n\t\t\t\t\t\t\t<p>Understanding the workplace climate is both possible and essential. Optimize it so that your team becomes your greatest asset. We provide you with the information needed to foster an effective work environment.<\/p>\t\t\t\t\t\t<\/div>\n\t\t\t\t<\/div>\n\t\t\t\t<div class=\"elementor-element elementor-element-abdfe94 elementor-widget__width-auto elementor-widget elementor-widget-image\" data-id=\"abdfe94\" data-element_type=\"widget\" data-widget_type=\"image.default\">\n\t\t\t\t<div class=\"elementor-widget-container\">\n\t\t\t\t\t\t\t\t\t\t\t\t\t<img decoding=\"async\" width=\"264\" height=\"175\" src=\"https:\/\/grupoges.es\/wp-content\/uploads\/2024\/09\/acuerdo-gesquality.png\" class=\"attachment-medium size-medium wp-image-11457\" alt=\"acuerdo gesquality\" \/>\t\t\t\t\t\t\t\t\t\t\t\t\t<\/div>\n\t\t\t\t<\/div>\n\t\t\t\t<div class=\"elementor-element elementor-element-b4c5341 elementor-widget__width-auto elementor-widget-mobile__width-inherit elementor-widget elementor-widget-text-editor\" data-id=\"b4c5341\" data-element_type=\"widget\" data-widget_type=\"text-editor.default\">\n\t\t\t\t<div class=\"elementor-widget-container\">\n\t\t\t\t\t\t\t<div class=\"service-list-box\"><h3 class=\"h5 title\">What do we do?<\/h3><div class=\"list-style3\"><ul><li><i class=\"fal fa-check-circle\" style=\"color: #928722;\"><\/i>Market Studies and Consumer Habits<\/li><li><i class=\"fal fa-check-circle\" style=\"color: #928722;\"><\/i>Client satisfaction Audits<\/li><li><i class=\"fal fa-check-circle\" style=\"color: #928722;\"><\/i>Workplace Climate Audits<\/li><\/ul><\/div><\/div>\t\t\t\t\t\t<\/div>\n\t\t\t\t<\/div>\n\t\t\t\t\t<\/div>\n\t\t<\/div>\n\t\t\t\t\t<\/div>\n\t\t<\/section>\n\t\t\t\t\t<\/div>\n\t\t<\/div>\n\t\t\t\t\t<\/div>\n\t\t<\/section>\n\t\t\t\t<\/div>\n\t\t","protected":false},"excerpt":{"rendered":"<p>All Services: Hotel Sector Audits Business Information Management Private Investigation Outsourced Security for Resorts Get in touch Contact Do you think you know your market and competition well enough? We conduct market studies on purchasing preferences, consumer habits, brand awareness, and product evaluations. Our specialized in-house team engages directly with your target audience to understand&#8230;<\/p>\n","protected":false},"author":1,"featured_media":0,"parent":0,"menu_order":0,"comment_status":"closed","ping_status":"closed","template":"template-builder.php","meta":{"footnotes":""},"class_list":["post-11036","page","type-page","status-publish","hentry"],"yoast_head":"<!-- This site is optimized with the Yoast SEO plugin v23.5 - https:\/\/yoast.com\/wordpress\/plugins\/seo\/ -->\n<title>Business information management - GrupoGes<\/title>\n<meta name=\"description\" content=\"At GrupoGes, we have been working since 1995 to make information a tool that optimizes the management and direction of your business.\" \/>\n<meta name=\"robots\" content=\"index, follow, max-snippet:-1, max-image-preview:large, max-video-preview:-1\" \/>\n<link rel=\"canonical\" href=\"https:\/\/grupoges.es\/gestion-informacion-empresarial\/\" \/>\n<meta property=\"og:locale\" content=\"en_US\" \/>\n<meta property=\"og:type\" content=\"article\" \/>\n<meta property=\"og:title\" content=\"Business information management - GrupoGes\" \/>\n<meta property=\"og:description\" content=\"At GrupoGes, we have been working since 1995 to make information a tool that optimizes the management and direction of your business.\" \/>\n<meta property=\"og:url\" content=\"https:\/\/grupoges.es\/gestion-informacion-empresarial\/\" \/>\n<meta property=\"og:site_name\" content=\"GrupoGes\" \/>\n<meta property=\"article:modified_time\" content=\"2025-09-30T11:30:13+00:00\" \/>\n<meta property=\"og:image\" content=\"https:\/\/grupoges.es\/wp-content\/uploads\/2024\/08\/logo_escalado-03-1.png\" \/>\n<meta name=\"twitter:card\" content=\"summary_large_image\" \/>\n<meta name=\"twitter:label1\" content=\"Est. reading time\" \/>\n\t<meta name=\"twitter:data1\" content=\"2 minutes\" \/>\n<script type=\"application\/ld+json\" class=\"yoast-schema-graph\">{\"@context\":\"https:\/\/schema.org\",\"@graph\":[{\"@type\":\"WebPage\",\"@id\":\"https:\/\/grupoges.es\/gestion-informacion-empresarial\/\",\"url\":\"https:\/\/grupoges.es\/gestion-informacion-empresarial\/\",\"name\":\"Business information management - GrupoGes\",\"isPartOf\":{\"@id\":\"https:\/\/grupoges.es\/#website\"},\"primaryImageOfPage\":{\"@id\":\"https:\/\/grupoges.es\/gestion-informacion-empresarial\/#primaryimage\"},\"image\":{\"@id\":\"https:\/\/grupoges.es\/gestion-informacion-empresarial\/#primaryimage\"},\"thumbnailUrl\":\"https:\/\/grupoges.es\/wp-content\/uploads\/2024\/08\/logo_escalado-03-1.png\",\"datePublished\":\"2024-07-09T10:00:46+00:00\",\"dateModified\":\"2025-09-30T11:30:13+00:00\",\"description\":\"At GrupoGes, we have been working since 1995 to make information a tool that optimizes the management and direction of your business.\",\"breadcrumb\":{\"@id\":\"https:\/\/grupoges.es\/gestion-informacion-empresarial\/#breadcrumb\"},\"inLanguage\":\"en-US\",\"potentialAction\":[{\"@type\":\"ReadAction\",\"target\":[\"https:\/\/grupoges.es\/gestion-informacion-empresarial\/\"]}]},{\"@type\":\"ImageObject\",\"inLanguage\":\"en-US\",\"@id\":\"https:\/\/grupoges.es\/gestion-informacion-empresarial\/#primaryimage\",\"url\":\"https:\/\/grupoges.es\/wp-content\/uploads\/2024\/08\/logo_escalado-03-1.png\",\"contentUrl\":\"https:\/\/grupoges.es\/wp-content\/uploads\/2024\/08\/logo_escalado-03-1.png\"},{\"@type\":\"BreadcrumbList\",\"@id\":\"https:\/\/grupoges.es\/gestion-informacion-empresarial\/#breadcrumb\",\"itemListElement\":[{\"@type\":\"ListItem\",\"position\":1,\"name\":\"Portada\",\"item\":\"https:\/\/grupoges.es\/en\/\"},{\"@type\":\"ListItem\",\"position\":2,\"name\":\"Business information management\"}]},{\"@type\":\"WebSite\",\"@id\":\"https:\/\/grupoges.es\/#website\",\"url\":\"https:\/\/grupoges.es\/\",\"name\":\"GrupoGes\",\"description\":\"En GrupoGes llevamos desde el a\u00f1o 1995 trabajando para hacer de la informaci\u00f3n una herramienta que optimice la direcci\u00f3n y gesti\u00f3n de su negocio.\",\"potentialAction\":[{\"@type\":\"SearchAction\",\"target\":{\"@type\":\"EntryPoint\",\"urlTemplate\":\"https:\/\/grupoges.es\/?s={search_term_string}\"},\"query-input\":{\"@type\":\"PropertyValueSpecification\",\"valueRequired\":true,\"valueName\":\"search_term_string\"}}],\"inLanguage\":\"en-US\"}]}<\/script>\n<!-- \/ Yoast SEO plugin. -->","yoast_head_json":{"title":"Business information management - GrupoGes","description":"At GrupoGes, we have been working since 1995 to make information a tool that optimizes the management and direction of your business.","robots":{"index":"index","follow":"follow","max-snippet":"max-snippet:-1","max-image-preview":"max-image-preview:large","max-video-preview":"max-video-preview:-1"},"canonical":"https:\/\/grupoges.es\/gestion-informacion-empresarial\/","og_locale":"en_US","og_type":"article","og_title":"Business information management - GrupoGes","og_description":"At GrupoGes, we have been working since 1995 to make information a tool that optimizes the management and direction of your business.","og_url":"https:\/\/grupoges.es\/gestion-informacion-empresarial\/","og_site_name":"GrupoGes","article_modified_time":"2025-09-30T11:30:13+00:00","og_image":[{"url":"https:\/\/grupoges.es\/wp-content\/uploads\/2024\/08\/logo_escalado-03-1.png"}],"twitter_card":"summary_large_image","twitter_misc":{"Est. reading time":"2 minutes"},"schema":{"@context":"https:\/\/schema.org","@graph":[{"@type":"WebPage","@id":"https:\/\/grupoges.es\/gestion-informacion-empresarial\/","url":"https:\/\/grupoges.es\/gestion-informacion-empresarial\/","name":"Business information management - GrupoGes","isPartOf":{"@id":"https:\/\/grupoges.es\/#website"},"primaryImageOfPage":{"@id":"https:\/\/grupoges.es\/gestion-informacion-empresarial\/#primaryimage"},"image":{"@id":"https:\/\/grupoges.es\/gestion-informacion-empresarial\/#primaryimage"},"thumbnailUrl":"https:\/\/grupoges.es\/wp-content\/uploads\/2024\/08\/logo_escalado-03-1.png","datePublished":"2024-07-09T10:00:46+00:00","dateModified":"2025-09-30T11:30:13+00:00","description":"At GrupoGes, we have been working since 1995 to make information a tool that optimizes the management and direction of your business.","breadcrumb":{"@id":"https:\/\/grupoges.es\/gestion-informacion-empresarial\/#breadcrumb"},"inLanguage":"en-US","potentialAction":[{"@type":"ReadAction","target":["https:\/\/grupoges.es\/gestion-informacion-empresarial\/"]}]},{"@type":"ImageObject","inLanguage":"en-US","@id":"https:\/\/grupoges.es\/gestion-informacion-empresarial\/#primaryimage","url":"https:\/\/grupoges.es\/wp-content\/uploads\/2024\/08\/logo_escalado-03-1.png","contentUrl":"https:\/\/grupoges.es\/wp-content\/uploads\/2024\/08\/logo_escalado-03-1.png"},{"@type":"BreadcrumbList","@id":"https:\/\/grupoges.es\/gestion-informacion-empresarial\/#breadcrumb","itemListElement":[{"@type":"ListItem","position":1,"name":"Portada","item":"https:\/\/grupoges.es\/en\/"},{"@type":"ListItem","position":2,"name":"Business information management"}]},{"@type":"WebSite","@id":"https:\/\/grupoges.es\/#website","url":"https:\/\/grupoges.es\/","name":"GrupoGes","description":"En GrupoGes llevamos desde el a\u00f1o 1995 trabajando para hacer de la informaci\u00f3n una herramienta que optimice la direcci\u00f3n y gesti\u00f3n de su negocio.","potentialAction":[{"@type":"SearchAction","target":{"@type":"EntryPoint","urlTemplate":"https:\/\/grupoges.es\/?s={search_term_string}"},"query-input":{"@type":"PropertyValueSpecification","valueRequired":true,"valueName":"search_term_string"}}],"inLanguage":"en-US"}]}},"_links":{"self":[{"href":"https:\/\/grupoges.es\/en\/wp-json\/wp\/v2\/pages\/11036","targetHints":{"allow":["GET"]}}],"collection":[{"href":"https:\/\/grupoges.es\/en\/wp-json\/wp\/v2\/pages"}],"about":[{"href":"https:\/\/grupoges.es\/en\/wp-json\/wp\/v2\/types\/page"}],"author":[{"embeddable":true,"href":"https:\/\/grupoges.es\/en\/wp-json\/wp\/v2\/users\/1"}],"replies":[{"embeddable":true,"href":"https:\/\/grupoges.es\/en\/wp-json\/wp\/v2\/comments?post=11036"}],"version-history":[{"count":43,"href":"https:\/\/grupoges.es\/en\/wp-json\/wp\/v2\/pages\/11036\/revisions"}],"predecessor-version":[{"id":11707,"href":"https:\/\/grupoges.es\/en\/wp-json\/wp\/v2\/pages\/11036\/revisions\/11707"}],"wp:attachment":[{"href":"https:\/\/grupoges.es\/en\/wp-json\/wp\/v2\/media?parent=11036"}],"curies":[{"name":"wp","href":"https:\/\/api.w.org\/{rel}","templated":true}]}}