{"id":11057,"date":"2024-07-09T11:59:00","date_gmt":"2024-07-09T09:59:00","guid":{"rendered":"https:\/\/grupoges.es\/satisfaccion-clientes\/"},"modified":"2025-09-30T13:08:09","modified_gmt":"2025-09-30T11:08:09","slug":"hotel-sector-audits","status":"publish","type":"page","link":"https:\/\/grupoges.es\/en\/hotel-sector-audits\/","title":{"rendered":"Hotel sector audits"},"content":{"rendered":"\t\t<div data-elementor-type=\"wp-page\" data-elementor-id=\"11057\" class=\"elementor elementor-11057 elementor-9847\">\n\t\t\t\t\t\t<section class=\"elementor-section elementor-top-section elementor-element elementor-element-66ade5e elementor-section-full_width elementor-section-height-default elementor-section-height-default\" data-id=\"66ade5e\" data-element_type=\"section\">\n\t\t\t\t\t\t<div class=\"elementor-container elementor-column-gap-no\">\n\t\t\t\t\t<div class=\"elementor-column elementor-col-100 elementor-top-column elementor-element elementor-element-c01b952\" data-id=\"c01b952\" data-element_type=\"column\">\n\t\t\t<div class=\"elementor-widget-wrap elementor-element-populated\">\n\t\t\t\t\t\t<section class=\"elementor-section elementor-inner-section elementor-element elementor-element-8d51488 elementor-reverse-tablet elementor-reverse-mobile elementor-section-boxed elementor-section-height-default elementor-section-height-default\" data-id=\"8d51488\" data-element_type=\"section\">\n\t\t\t\t\t\t<div class=\"elementor-container elementor-column-gap-no\">\n\t\t\t\t\t<div class=\"elementor-column elementor-col-50 elementor-inner-column elementor-element elementor-element-9eb4083\" data-id=\"9eb4083\" data-element_type=\"column\">\n\t\t\t<div class=\"elementor-widget-wrap elementor-element-populated\">\n\t\t\t\t\t\t<div class=\"elementor-element elementor-element-96fc120 elementor-widget__width-initial elementor-widget elementor-widget-text-editor\" data-id=\"96fc120\" data-element_type=\"widget\" data-widget_type=\"text-editor.default\">\n\t\t\t\t<div class=\"elementor-widget-container\">\n\t\t\t\t\t\t\t<div class=\"widget widget_categories \">\n<h3 class=\"widget_title\">All Services:<\/h3>\n<ul>\n \t<li><a href=\"\/en\/hotel-sector-audits\/\">Hotel Sector Audits<\/a><\/li>\n \t<li><a href=\"\/en\/business-information-management\/\">Business Information Management<\/a><\/li>\n \t<li><a href=\"\/en\/private-investigation\/\">Private Investigation<\/a><\/li>\n \t<li><a href=\"\/en\/outsourced-security-for-resorts\/\">Outsourced Security for Resorts<\/a><\/li>\n<\/ul>\n<\/div>\t\t\t\t\t\t<\/div>\n\t\t\t\t<\/div>\n\t\t\t\t<div class=\"elementor-element elementor-element-e7fe4d4 elementor-widget elementor-widget-techbizimage\" data-id=\"e7fe4d4\" data-element_type=\"widget\" data-widget_type=\"techbizimage.default\">\n\t\t\t\t<div class=\"elementor-widget-container\">\n\t\t\t<!-- Advertisement Image --><div class=\"techbiz_img \"><img decoding=\"async\" class=\"\" src=\"https:\/\/grupoges.es\/wp-content\/uploads\/2024\/08\/logo_escalado-01.png\" alt=\"logo_escalado 01\" ><\/div><!-- End Advertisement Image -->\t\t<\/div>\n\t\t\t\t<\/div>\n\t\t\t\t<div class=\"elementor-element elementor-element-c142079 quote-box p-0 elementor-widget elementor-widget-text-editor\" data-id=\"c142079\" data-element_type=\"widget\" data-widget_type=\"text-editor.default\">\n\t\t\t\t<div class=\"elementor-widget-container\">\n\t\t\t\t\t\t\t<h3 class=\"quote-box__title\">Request a demo<\/h3>\n<a class=\"vs-btn\" style=\"background: #D0071A;\" href=\"\/en\/contact\">Contact<i class=\"far fa-arrow-right\"><\/i><\/a>\t\t\t\t\t\t<\/div>\n\t\t\t\t<\/div>\n\t\t\t\t\t<\/div>\n\t\t<\/div>\n\t\t\t\t<div class=\"elementor-column elementor-col-50 elementor-inner-column elementor-element elementor-element-6a03dfe\" data-id=\"6a03dfe\" data-element_type=\"column\">\n\t\t\t<div class=\"elementor-widget-wrap elementor-element-populated\">\n\t\t\t\t\t\t<div class=\"elementor-element elementor-element-0a2591f elementor-widget elementor-widget-image\" data-id=\"0a2591f\" data-element_type=\"widget\" data-widget_type=\"image.default\">\n\t\t\t\t<div class=\"elementor-widget-container\">\n\t\t\t\t\t\t\t\t\t\t\t\t\t<img fetchpriority=\"high\" decoding=\"async\" width=\"1000\" height=\"600\" src=\"https:\/\/grupoges.es\/wp-content\/uploads\/2024\/09\/clientes-satisfechos-geshotels.png\" class=\"attachment-full size-full wp-image-11422\" alt=\"clientes satisfechos geshotels\" srcset=\"https:\/\/grupoges.es\/wp-content\/uploads\/2024\/09\/clientes-satisfechos-geshotels.png 1000w, https:\/\/grupoges.es\/wp-content\/uploads\/2024\/09\/clientes-satisfechos-geshotels-300x180.png 300w, https:\/\/grupoges.es\/wp-content\/uploads\/2024\/09\/clientes-satisfechos-geshotels-768x461.png 768w, https:\/\/grupoges.es\/wp-content\/uploads\/2024\/09\/clientes-satisfechos-geshotels-600x360.png 600w\" sizes=\"(max-width: 1000px) 100vw, 1000px\" \/>\t\t\t\t\t\t\t\t\t\t\t\t\t<\/div>\n\t\t\t\t<\/div>\n\t\t\t\t<div class=\"elementor-element elementor-element-ed175d0 elementor-widget elementor-widget-heading\" data-id=\"ed175d0\" data-element_type=\"widget\" data-widget_type=\"heading.default\">\n\t\t\t\t<div class=\"elementor-widget-container\">\n\t\t\t<h5 class=\"elementor-heading-title elementor-size-default\">Are your clients willing to share their experiences with you?<\/h5>\t\t<\/div>\n\t\t\t\t<\/div>\n\t\t\t\t<div class=\"elementor-element elementor-element-aad226d elementor-widget elementor-widget-text-editor\" data-id=\"aad226d\" data-element_type=\"widget\" data-widget_type=\"text-editor.default\">\n\t\t\t\t<div class=\"elementor-widget-container\">\n\t\t\t\t\t\t\t<p>Making the right decisions is impossible without all the necessary data. We combine human insight with technology to ensure customer satisfaction. Obtain the best diagnosis of your guests&#8217; experiences through multiple channels. Our satisfaction audits help the hospitality industry improve operational efficiency and transform customer experiences. Objective information is a significant added value; compare your KPIs with those of your competitors. Our mission is to maximize the profitability of hotel operations. We offer a personalized 24\/7 service to enhance customer loyalty.<\/p>\t\t\t\t\t\t<\/div>\n\t\t\t\t<\/div>\n\t\t\t\t<div class=\"elementor-element elementor-element-abdfe94 elementor-widget__width-auto elementor-widget elementor-widget-image\" data-id=\"abdfe94\" data-element_type=\"widget\" data-widget_type=\"image.default\">\n\t\t\t\t<div class=\"elementor-widget-container\">\n\t\t\t\t\t\t\t\t\t\t\t\t\t<img decoding=\"async\" width=\"225\" height=\"300\" src=\"https:\/\/grupoges.es\/wp-content\/uploads\/2024\/09\/cuestionario-auditoria-geshotels.png\" class=\"attachment-medium size-medium wp-image-11425\" alt=\"cuestionario auditoria geshotels\" \/>\t\t\t\t\t\t\t\t\t\t\t\t\t<\/div>\n\t\t\t\t<\/div>\n\t\t\t\t<div class=\"elementor-element elementor-element-7f27473 elementor-widget__width-auto elementor-widget-mobile__width-inherit elementor-widget elementor-widget-text-editor\" data-id=\"7f27473\" data-element_type=\"widget\" data-widget_type=\"text-editor.default\">\n\t\t\t\t<div class=\"elementor-widget-container\">\n\t\t\t\t\t\t\t<div class=\"service-list-box\">\n<h5 class=\"MsoListParagraph\">Our Experience:<\/h5>\n<div class=\"list-style3\">\n<ul>\n \t<li><i class=\"fal fa-check-circle\" style=\"color: #d0071a;\"><\/i>Over 1,000 hotels audited monthly<\/li>\n \t<li><i class=\"fal fa-check-circle\" style=\"color: #d0071a;\"><\/i>More than 6 million questionnaires distributed annually<\/li>\n \t<li><i class=\"fal fa-check-circle\" style=\"color: #d0071a;\"><\/i>A team of over 350 professionals in 35 countries<\/li>\n<\/ul>\n<\/div>\n<\/div>\t\t\t\t\t\t<\/div>\n\t\t\t\t<\/div>\n\t\t\t\t<div class=\"elementor-element elementor-element-5a466d2 elementor-widget elementor-widget-spacer\" data-id=\"5a466d2\" data-element_type=\"widget\" data-widget_type=\"spacer.default\">\n\t\t\t\t<div class=\"elementor-widget-container\">\n\t\t\t\t\t<div class=\"elementor-spacer\">\n\t\t\t<div class=\"elementor-spacer-inner\"><\/div>\n\t\t<\/div>\n\t\t\t\t<\/div>\n\t\t\t\t<\/div>\n\t\t\t\t<div class=\"elementor-element elementor-element-9743a44 elementor-widget__width-auto elementor-widget elementor-widget-image\" data-id=\"9743a44\" data-element_type=\"widget\" data-widget_type=\"image.default\">\n\t\t\t\t<div class=\"elementor-widget-container\">\n\t\t\t\t\t\t\t\t\t\t\t\t\t<img decoding=\"async\" src=\"https:\/\/grupoges.es\/wp-content\/uploads\/elementor\/thumbs\/analitica-auditoria-geshotels-qufafnwu8ik46pgpg63gh78r1oau5fdlcq4n3l2ebc.png\" title=\"analitica-auditoria-geshotels\" alt=\"analitica auditoria geshotels\" loading=\"lazy\" \/>\t\t\t\t\t\t\t\t\t\t\t\t\t<\/div>\n\t\t\t\t<\/div>\n\t\t\t\t<div class=\"elementor-element elementor-element-b4c5341 elementor-widget__width-auto elementor-widget-mobile__width-inherit elementor-widget elementor-widget-text-editor\" data-id=\"b4c5341\" data-element_type=\"widget\" data-widget_type=\"text-editor.default\">\n\t\t\t\t<div class=\"elementor-widget-container\">\n\t\t\t\t\t\t\t<div class=\"service-list-box\"><br \/><div class=\"list-style3\"><ul><li><i class=\"fal fa-check-circle\" style=\"color: #d0071a;\"><\/i><span style=\"color: #ff0000;\">We achieve over 85% participation.<\/span><\/li><li><i class=\"fal fa-check-circle\" style=\"color: #d0071a;\"><\/i>Comprehensive Hotel Audits<\/li><\/ul><\/div><div class=\"list-style3\"><ul><li><i class=\"fal fa-check-circle\" style=\"color: #d0071a;\"><\/i>Guest Experience Optimization<\/li><li><i class=\"fal fa-check-circle\" style=\"color: #d0071a;\"><\/i>24\/7 Personalized Service<\/li><li><i class=\"fal fa-check-circle\" style=\"color: #d0071a;\"><\/i>Improvement of Hotel Operational Efficiency<\/li><\/ul><\/div><\/div>\t\t\t\t\t\t<\/div>\n\t\t\t\t<\/div>\n\t\t\t\t\t<\/div>\n\t\t<\/div>\n\t\t\t\t\t<\/div>\n\t\t<\/section>\n\t\t\t\t\t<\/div>\n\t\t<\/div>\n\t\t\t\t\t<\/div>\n\t\t<\/section>\n\t\t\t\t<\/div>\n\t\t","protected":false},"excerpt":{"rendered":"<p>All Services: Hotel Sector Audits Business Information Management Private Investigation Outsourced Security for Resorts Request a demo Contact Are your clients willing to share their experiences with you? Making the right decisions is impossible without all the necessary data. We combine human insight with technology to ensure customer satisfaction. Obtain the best diagnosis of your&#8230;<\/p>\n","protected":false},"author":1,"featured_media":0,"parent":0,"menu_order":0,"comment_status":"closed","ping_status":"closed","template":"template-builder.php","meta":{"footnotes":""},"class_list":["post-11057","page","type-page","status-publish","hentry"],"yoast_head":"<!-- This site is optimized with the Yoast SEO plugin v23.5 - https:\/\/yoast.com\/wordpress\/plugins\/seo\/ -->\n<title>Hotel sector audits - GrupoGes<\/title>\n<meta name=\"description\" content=\"At GrupoGes, we have been working since 1995 to make information a tool that optimizes the management and direction of your business.\" \/>\n<meta name=\"robots\" content=\"index, follow, max-snippet:-1, max-image-preview:large, max-video-preview:-1\" \/>\n<link rel=\"canonical\" href=\"https:\/\/grupoges.es\/satisfaccion-clientes\/\" \/>\n<meta property=\"og:locale\" content=\"en_US\" \/>\n<meta property=\"og:type\" content=\"article\" \/>\n<meta property=\"og:title\" content=\"Hotel sector audits - GrupoGes\" \/>\n<meta property=\"og:description\" content=\"At GrupoGes, we have been working since 1995 to make information a tool that optimizes the management and direction of your business.\" \/>\n<meta property=\"og:url\" content=\"https:\/\/grupoges.es\/satisfaccion-clientes\/\" \/>\n<meta property=\"og:site_name\" content=\"GrupoGes\" \/>\n<meta property=\"article:modified_time\" content=\"2025-09-30T11:08:09+00:00\" \/>\n<meta property=\"og:image\" content=\"https:\/\/grupoges.es\/wp-content\/uploads\/2024\/08\/logo_escalado-01.png\" \/>\n<meta name=\"twitter:card\" content=\"summary_large_image\" \/>\n<meta name=\"twitter:label1\" content=\"Est. reading time\" \/>\n\t<meta name=\"twitter:data1\" content=\"2 minutes\" \/>\n<script type=\"application\/ld+json\" class=\"yoast-schema-graph\">{\"@context\":\"https:\/\/schema.org\",\"@graph\":[{\"@type\":\"WebPage\",\"@id\":\"https:\/\/grupoges.es\/satisfaccion-clientes\/\",\"url\":\"https:\/\/grupoges.es\/satisfaccion-clientes\/\",\"name\":\"Hotel sector audits - GrupoGes\",\"isPartOf\":{\"@id\":\"https:\/\/grupoges.es\/#website\"},\"primaryImageOfPage\":{\"@id\":\"https:\/\/grupoges.es\/satisfaccion-clientes\/#primaryimage\"},\"image\":{\"@id\":\"https:\/\/grupoges.es\/satisfaccion-clientes\/#primaryimage\"},\"thumbnailUrl\":\"https:\/\/grupoges.es\/wp-content\/uploads\/2024\/08\/logo_escalado-01.png\",\"datePublished\":\"2024-07-09T09:59:00+00:00\",\"dateModified\":\"2025-09-30T11:08:09+00:00\",\"description\":\"At GrupoGes, we have been working since 1995 to make information a tool that optimizes the management and direction of your business.\",\"breadcrumb\":{\"@id\":\"https:\/\/grupoges.es\/satisfaccion-clientes\/#breadcrumb\"},\"inLanguage\":\"en-US\",\"potentialAction\":[{\"@type\":\"ReadAction\",\"target\":[\"https:\/\/grupoges.es\/satisfaccion-clientes\/\"]}]},{\"@type\":\"ImageObject\",\"inLanguage\":\"en-US\",\"@id\":\"https:\/\/grupoges.es\/satisfaccion-clientes\/#primaryimage\",\"url\":\"https:\/\/grupoges.es\/wp-content\/uploads\/2024\/08\/logo_escalado-01.png\",\"contentUrl\":\"https:\/\/grupoges.es\/wp-content\/uploads\/2024\/08\/logo_escalado-01.png\"},{\"@type\":\"BreadcrumbList\",\"@id\":\"https:\/\/grupoges.es\/satisfaccion-clientes\/#breadcrumb\",\"itemListElement\":[{\"@type\":\"ListItem\",\"position\":1,\"name\":\"Portada\",\"item\":\"https:\/\/grupoges.es\/en\/\"},{\"@type\":\"ListItem\",\"position\":2,\"name\":\"Hotel sector audits\"}]},{\"@type\":\"WebSite\",\"@id\":\"https:\/\/grupoges.es\/#website\",\"url\":\"https:\/\/grupoges.es\/\",\"name\":\"GrupoGes\",\"description\":\"En GrupoGes llevamos desde el a\u00f1o 1995 trabajando para hacer de la informaci\u00f3n una herramienta que optimice la direcci\u00f3n y gesti\u00f3n de su negocio.\",\"potentialAction\":[{\"@type\":\"SearchAction\",\"target\":{\"@type\":\"EntryPoint\",\"urlTemplate\":\"https:\/\/grupoges.es\/?s={search_term_string}\"},\"query-input\":{\"@type\":\"PropertyValueSpecification\",\"valueRequired\":true,\"valueName\":\"search_term_string\"}}],\"inLanguage\":\"en-US\"}]}<\/script>\n<!-- \/ Yoast SEO plugin. -->","yoast_head_json":{"title":"Hotel sector audits - GrupoGes","description":"At GrupoGes, we have been working since 1995 to make information a tool that optimizes the management and direction of your business.","robots":{"index":"index","follow":"follow","max-snippet":"max-snippet:-1","max-image-preview":"max-image-preview:large","max-video-preview":"max-video-preview:-1"},"canonical":"https:\/\/grupoges.es\/satisfaccion-clientes\/","og_locale":"en_US","og_type":"article","og_title":"Hotel sector audits - GrupoGes","og_description":"At GrupoGes, we have been working since 1995 to make information a tool that optimizes the management and direction of your business.","og_url":"https:\/\/grupoges.es\/satisfaccion-clientes\/","og_site_name":"GrupoGes","article_modified_time":"2025-09-30T11:08:09+00:00","og_image":[{"url":"https:\/\/grupoges.es\/wp-content\/uploads\/2024\/08\/logo_escalado-01.png"}],"twitter_card":"summary_large_image","twitter_misc":{"Est. reading time":"2 minutes"},"schema":{"@context":"https:\/\/schema.org","@graph":[{"@type":"WebPage","@id":"https:\/\/grupoges.es\/satisfaccion-clientes\/","url":"https:\/\/grupoges.es\/satisfaccion-clientes\/","name":"Hotel sector audits - GrupoGes","isPartOf":{"@id":"https:\/\/grupoges.es\/#website"},"primaryImageOfPage":{"@id":"https:\/\/grupoges.es\/satisfaccion-clientes\/#primaryimage"},"image":{"@id":"https:\/\/grupoges.es\/satisfaccion-clientes\/#primaryimage"},"thumbnailUrl":"https:\/\/grupoges.es\/wp-content\/uploads\/2024\/08\/logo_escalado-01.png","datePublished":"2024-07-09T09:59:00+00:00","dateModified":"2025-09-30T11:08:09+00:00","description":"At GrupoGes, we have been working since 1995 to make information a tool that optimizes the management and direction of your business.","breadcrumb":{"@id":"https:\/\/grupoges.es\/satisfaccion-clientes\/#breadcrumb"},"inLanguage":"en-US","potentialAction":[{"@type":"ReadAction","target":["https:\/\/grupoges.es\/satisfaccion-clientes\/"]}]},{"@type":"ImageObject","inLanguage":"en-US","@id":"https:\/\/grupoges.es\/satisfaccion-clientes\/#primaryimage","url":"https:\/\/grupoges.es\/wp-content\/uploads\/2024\/08\/logo_escalado-01.png","contentUrl":"https:\/\/grupoges.es\/wp-content\/uploads\/2024\/08\/logo_escalado-01.png"},{"@type":"BreadcrumbList","@id":"https:\/\/grupoges.es\/satisfaccion-clientes\/#breadcrumb","itemListElement":[{"@type":"ListItem","position":1,"name":"Portada","item":"https:\/\/grupoges.es\/en\/"},{"@type":"ListItem","position":2,"name":"Hotel sector audits"}]},{"@type":"WebSite","@id":"https:\/\/grupoges.es\/#website","url":"https:\/\/grupoges.es\/","name":"GrupoGes","description":"En GrupoGes llevamos desde el a\u00f1o 1995 trabajando para hacer de la informaci\u00f3n una herramienta que optimice la direcci\u00f3n y gesti\u00f3n de su negocio.","potentialAction":[{"@type":"SearchAction","target":{"@type":"EntryPoint","urlTemplate":"https:\/\/grupoges.es\/?s={search_term_string}"},"query-input":{"@type":"PropertyValueSpecification","valueRequired":true,"valueName":"search_term_string"}}],"inLanguage":"en-US"}]}},"_links":{"self":[{"href":"https:\/\/grupoges.es\/en\/wp-json\/wp\/v2\/pages\/11057","targetHints":{"allow":["GET"]}}],"collection":[{"href":"https:\/\/grupoges.es\/en\/wp-json\/wp\/v2\/pages"}],"about":[{"href":"https:\/\/grupoges.es\/en\/wp-json\/wp\/v2\/types\/page"}],"author":[{"embeddable":true,"href":"https:\/\/grupoges.es\/en\/wp-json\/wp\/v2\/users\/1"}],"replies":[{"embeddable":true,"href":"https:\/\/grupoges.es\/en\/wp-json\/wp\/v2\/comments?post=11057"}],"version-history":[{"count":25,"href":"https:\/\/grupoges.es\/en\/wp-json\/wp\/v2\/pages\/11057\/revisions"}],"predecessor-version":[{"id":11692,"href":"https:\/\/grupoges.es\/en\/wp-json\/wp\/v2\/pages\/11057\/revisions\/11692"}],"wp:attachment":[{"href":"https:\/\/grupoges.es\/en\/wp-json\/wp\/v2\/media?parent=11057"}],"curies":[{"name":"wp","href":"https:\/\/api.w.org\/{rel}","templated":true}]}}