{"id":11086,"date":"2024-07-29T11:55:46","date_gmt":"2024-07-29T09:55:46","guid":{"rendered":"https:\/\/grupoges.es\/work-with-us\/"},"modified":"2024-08-19T11:39:20","modified_gmt":"2024-08-19T09:39:20","slug":"work-with-us","status":"publish","type":"page","link":"https:\/\/grupoges.es\/en\/work-with-us\/","title":{"rendered":"Work with us"},"content":{"rendered":"\t\t<div data-elementor-type=\"wp-page\" data-elementor-id=\"11086\" class=\"elementor elementor-11086 elementor-10244\">\n\t\t\t\t\t\t<section class=\"elementor-section elementor-top-section elementor-element elementor-element-33b4740 elementor-section-full_width elementor-section-height-default elementor-section-height-default\" data-id=\"33b4740\" data-element_type=\"section\">\n\t\t\t\t\t\t<div class=\"elementor-container elementor-column-gap-no\">\n\t\t\t\t\t<div class=\"elementor-column elementor-col-100 elementor-top-column elementor-element elementor-element-55f84ff\" data-id=\"55f84ff\" data-element_type=\"column\">\n\t\t\t<div class=\"elementor-widget-wrap elementor-element-populated\">\n\t\t\t\t\t\t<section class=\"elementor-section elementor-inner-section elementor-element elementor-element-1cd676f elementor-section-boxed elementor-section-height-default elementor-section-height-default\" data-id=\"1cd676f\" data-element_type=\"section\">\n\t\t\t\t\t\t<div class=\"elementor-container elementor-column-gap-no\">\n\t\t\t\t\t<div class=\"elementor-column elementor-col-100 elementor-inner-column elementor-element elementor-element-0b1b19b\" data-id=\"0b1b19b\" data-element_type=\"column\">\n\t\t\t<div class=\"elementor-widget-wrap elementor-element-populated\">\n\t\t\t\t\t\t<div class=\"elementor-element elementor-element-6fb1070 elementor-widget__width-initial elementor-widget elementor-widget-shortcode\" data-id=\"6fb1070\" data-element_type=\"widget\" data-widget_type=\"shortcode.default\">\n\t\t\t\t<div class=\"elementor-widget-container\">\n\t\t\t\t\t<div class=\"elementor-shortcode\">\n<div class=\"wpcf7 no-js\" id=\"wpcf7-f11088-o1\" lang=\"en-US\" dir=\"ltr\">\n<div class=\"screen-reader-response\"><p role=\"status\" aria-live=\"polite\" aria-atomic=\"true\"><\/p> <ul><\/ul><\/div>\n<form action=\"\/en\/wp-json\/wp\/v2\/pages\/11086#wpcf7-f11088-o1\" method=\"post\" class=\"wpcf7-form init\" aria-label=\"Contact form\" enctype=\"multipart\/form-data\" novalidate=\"novalidate\" data-status=\"init\">\n<div style=\"display: none;\">\n<input type=\"hidden\" name=\"_wpcf7\" value=\"11088\" \/>\n<input type=\"hidden\" name=\"_wpcf7_version\" value=\"5.9.8\" \/>\n<input type=\"hidden\" name=\"_wpcf7_locale\" value=\"en_US\" \/>\n<input type=\"hidden\" name=\"_wpcf7_unit_tag\" value=\"wpcf7-f11088-o1\" \/>\n<input type=\"hidden\" name=\"_wpcf7_container_post\" value=\"0\" \/>\n<input type=\"hidden\" name=\"_wpcf7_posted_data_hash\" value=\"\" \/>\n<input type=\"hidden\" name=\"_wpcf7_recaptcha_response\" value=\"\" \/>\n<\/div>\n<div class=\"contact-box\">\n<h3 class=\"contact-box__title h4\">\u00bfWant to work with us?<\/h3><p class=\"contact-box__text\"> <\/p>\n<div class=\"contact-box__form\">\n<div class=\"row gx-20\">\n                        <div class=\"col-md-6 form-group\">\n                            <span class=\"wpcf7-form-control-wrap\" data-name=\"your-name\"><input size=\"40\" maxlength=\"400\" class=\"wpcf7-form-control wpcf7-text wpcf7-validates-as-required\" aria-required=\"true\" aria-invalid=\"false\" placeholder=\"Full name and surname\" value=\"\" type=\"text\" name=\"your-name\" \/><\/span><i class=\"fal fa-user\"><\/i>\n                        <\/div>\n                        <div class=\"col-md-6 form-group\">\n                            <span class=\"wpcf7-form-control-wrap\" data-name=\"your-email\"><input size=\"40\" maxlength=\"400\" class=\"wpcf7-form-control wpcf7-email wpcf7-validates-as-required wpcf7-text wpcf7-validates-as-email\" aria-required=\"true\" aria-invalid=\"false\" placeholder=\"Email\" value=\"\" type=\"email\" name=\"your-email\" \/><\/span><i class=\"fal fa-envelope\"><\/i>\n                        <\/div>\n                       \n                        <div class=\"col-md-6 form-group\"> Attach your CV <br><br>\n                            <span class=\"wpcf7-form-control-wrap\" data-name=\"your-file\"><input size=\"40\" class=\"wpcf7-form-control wpcf7-file\" accept=\".pdf,.txt\" aria-invalid=\"false\" type=\"file\" name=\"your-file\" \/><\/span>\n                       <\/div>\n                        <div class=\"col-12\">\n                            <button class=\"vs-btn wpcf7-submit\">Send<i class=\"far fa-arrow-right\"><\/i><\/button>\n                        <\/div>\n                    <\/div>\n<\/div>\n <\/div><div class=\"wpcf7-response-output\" aria-hidden=\"true\"><\/div>\n<\/form>\n<\/div>\n<\/div>\n\t\t\t\t<\/div>\n\t\t\t\t<\/div>\n\t\t\t\t\t<\/div>\n\t\t<\/div>\n\t\t\t\t\t<\/div>\n\t\t<\/section>\n\t\t\t\t\t<\/div>\n\t\t<\/div>\n\t\t\t\t\t<\/div>\n\t\t<\/section>\n\t\t\t\t<\/div>\n\t\t","protected":false},"excerpt":{"rendered":"","protected":false},"author":1,"featured_media":0,"parent":0,"menu_order":0,"comment_status":"closed","ping_status":"closed","template":"template-builder.php","meta":{"footnotes":""},"class_list":["post-11086","page","type-page","status-publish","hentry"],"yoast_head":"<!-- This site is optimized with the Yoast SEO plugin v23.5 - https:\/\/yoast.com\/wordpress\/plugins\/seo\/ -->\n<title>Work with us - GrupoGes<\/title>\n<meta name=\"description\" content=\"At GrupoGes, we have been working since 1995 to make information a tool that optimizes the management and direction of your business.\" \/>\n<meta name=\"robots\" content=\"index, follow, max-snippet:-1, max-image-preview:large, max-video-preview:-1\" \/>\n<link rel=\"canonical\" href=\"https:\/\/grupoges.es\/en\/work-with-us\/\" \/>\n<meta property=\"og:locale\" content=\"en_US\" \/>\n<meta property=\"og:type\" content=\"article\" \/>\n<meta property=\"og:title\" content=\"Work with us - GrupoGes\" \/>\n<meta property=\"og:description\" content=\"At GrupoGes, we have been working since 1995 to make information a tool that optimizes the management and direction of your business.\" \/>\n<meta property=\"og:url\" content=\"https:\/\/grupoges.es\/en\/work-with-us\/\" \/>\n<meta property=\"og:site_name\" content=\"GrupoGes\" \/>\n<meta property=\"article:modified_time\" content=\"2024-08-19T09:39:20+00:00\" \/>\n<meta name=\"twitter:card\" content=\"summary_large_image\" \/>\n<meta name=\"twitter:label1\" content=\"Est. reading time\" \/>\n\t<meta name=\"twitter:data1\" content=\"1 minute\" \/>\n<script type=\"application\/ld+json\" class=\"yoast-schema-graph\">{\"@context\":\"https:\/\/schema.org\",\"@graph\":[{\"@type\":\"WebPage\",\"@id\":\"https:\/\/grupoges.es\/en\/work-with-us\/\",\"url\":\"https:\/\/grupoges.es\/en\/work-with-us\/\",\"name\":\"Work with us - GrupoGes\",\"isPartOf\":{\"@id\":\"https:\/\/grupoges.es\/#website\"},\"datePublished\":\"2024-07-29T09:55:46+00:00\",\"dateModified\":\"2024-08-19T09:39:20+00:00\",\"description\":\"At GrupoGes, we have been working since 1995 to make information a tool that optimizes the management and direction of your business.\",\"breadcrumb\":{\"@id\":\"https:\/\/grupoges.es\/en\/work-with-us\/#breadcrumb\"},\"inLanguage\":\"en-US\",\"potentialAction\":[{\"@type\":\"ReadAction\",\"target\":[\"https:\/\/grupoges.es\/en\/work-with-us\/\"]}]},{\"@type\":\"BreadcrumbList\",\"@id\":\"https:\/\/grupoges.es\/en\/work-with-us\/#breadcrumb\",\"itemListElement\":[{\"@type\":\"ListItem\",\"position\":1,\"name\":\"Portada\",\"item\":\"https:\/\/grupoges.es\/en\/\"},{\"@type\":\"ListItem\",\"position\":2,\"name\":\"Work with us\"}]},{\"@type\":\"WebSite\",\"@id\":\"https:\/\/grupoges.es\/#website\",\"url\":\"https:\/\/grupoges.es\/\",\"name\":\"GrupoGes\",\"description\":\"En GrupoGes llevamos desde el a\u00f1o 1995 trabajando para hacer de la informaci\u00f3n una herramienta que optimice la direcci\u00f3n y gesti\u00f3n de su negocio.\",\"potentialAction\":[{\"@type\":\"SearchAction\",\"target\":{\"@type\":\"EntryPoint\",\"urlTemplate\":\"https:\/\/grupoges.es\/?s={search_term_string}\"},\"query-input\":{\"@type\":\"PropertyValueSpecification\",\"valueRequired\":true,\"valueName\":\"search_term_string\"}}],\"inLanguage\":\"en-US\"}]}<\/script>\n<!-- \/ Yoast SEO plugin. -->","yoast_head_json":{"title":"Work with us - GrupoGes","description":"At GrupoGes, we have been working since 1995 to make information a tool that optimizes the management and direction of your business.","robots":{"index":"index","follow":"follow","max-snippet":"max-snippet:-1","max-image-preview":"max-image-preview:large","max-video-preview":"max-video-preview:-1"},"canonical":"https:\/\/grupoges.es\/en\/work-with-us\/","og_locale":"en_US","og_type":"article","og_title":"Work with us - GrupoGes","og_description":"At GrupoGes, we have been working since 1995 to make information a tool that optimizes the management and direction of your business.","og_url":"https:\/\/grupoges.es\/en\/work-with-us\/","og_site_name":"GrupoGes","article_modified_time":"2024-08-19T09:39:20+00:00","twitter_card":"summary_large_image","twitter_misc":{"Est. reading time":"1 minute"},"schema":{"@context":"https:\/\/schema.org","@graph":[{"@type":"WebPage","@id":"https:\/\/grupoges.es\/en\/work-with-us\/","url":"https:\/\/grupoges.es\/en\/work-with-us\/","name":"Work with us - GrupoGes","isPartOf":{"@id":"https:\/\/grupoges.es\/#website"},"datePublished":"2024-07-29T09:55:46+00:00","dateModified":"2024-08-19T09:39:20+00:00","description":"At GrupoGes, we have been working since 1995 to make information a tool that optimizes the management and direction of your business.","breadcrumb":{"@id":"https:\/\/grupoges.es\/en\/work-with-us\/#breadcrumb"},"inLanguage":"en-US","potentialAction":[{"@type":"ReadAction","target":["https:\/\/grupoges.es\/en\/work-with-us\/"]}]},{"@type":"BreadcrumbList","@id":"https:\/\/grupoges.es\/en\/work-with-us\/#breadcrumb","itemListElement":[{"@type":"ListItem","position":1,"name":"Portada","item":"https:\/\/grupoges.es\/en\/"},{"@type":"ListItem","position":2,"name":"Work with us"}]},{"@type":"WebSite","@id":"https:\/\/grupoges.es\/#website","url":"https:\/\/grupoges.es\/","name":"GrupoGes","description":"En GrupoGes llevamos desde el a\u00f1o 1995 trabajando para hacer de la informaci\u00f3n una herramienta que optimice la direcci\u00f3n y gesti\u00f3n de su negocio.","potentialAction":[{"@type":"SearchAction","target":{"@type":"EntryPoint","urlTemplate":"https:\/\/grupoges.es\/?s={search_term_string}"},"query-input":{"@type":"PropertyValueSpecification","valueRequired":true,"valueName":"search_term_string"}}],"inLanguage":"en-US"}]}},"_links":{"self":[{"href":"https:\/\/grupoges.es\/en\/wp-json\/wp\/v2\/pages\/11086","targetHints":{"allow":["GET"]}}],"collection":[{"href":"https:\/\/grupoges.es\/en\/wp-json\/wp\/v2\/pages"}],"about":[{"href":"https:\/\/grupoges.es\/en\/wp-json\/wp\/v2\/types\/page"}],"author":[{"embeddable":true,"href":"https:\/\/grupoges.es\/en\/wp-json\/wp\/v2\/users\/1"}],"replies":[{"embeddable":true,"href":"https:\/\/grupoges.es\/en\/wp-json\/wp\/v2\/comments?post=11086"}],"version-history":[{"count":10,"href":"https:\/\/grupoges.es\/en\/wp-json\/wp\/v2\/pages\/11086\/revisions"}],"predecessor-version":[{"id":11195,"href":"https:\/\/grupoges.es\/en\/wp-json\/wp\/v2\/pages\/11086\/revisions\/11195"}],"wp:attachment":[{"href":"https:\/\/grupoges.es\/en\/wp-json\/wp\/v2\/media?parent=11086"}],"curies":[{"name":"wp","href":"https:\/\/api.w.org\/{rel}","templated":true}]}}