{"id":11489,"date":"2024-09-27T12:11:27","date_gmt":"2024-09-27T10:11:27","guid":{"rendered":"https:\/\/grupoges.es\/?page_id=11489"},"modified":"2024-09-27T12:26:33","modified_gmt":"2024-09-27T10:26:33","slug":"legal-notice","status":"publish","type":"page","link":"https:\/\/grupoges.es\/en\/legal-notice\/","title":{"rendered":"Legal notice"},"content":{"rendered":"\t\t<div data-elementor-type=\"wp-page\" data-elementor-id=\"11489\" class=\"elementor elementor-11489 elementor-11488\">\n\t\t\t\t\t\t<section class=\"elementor-section elementor-top-section elementor-element elementor-element-33b4740 elementor-section-full_width elementor-section-height-default elementor-section-height-default\" data-id=\"33b4740\" data-element_type=\"section\">\n\t\t\t\t\t\t<div class=\"elementor-container elementor-column-gap-no\">\n\t\t\t\t\t<div class=\"elementor-column elementor-col-100 elementor-top-column elementor-element elementor-element-55f84ff\" data-id=\"55f84ff\" data-element_type=\"column\">\n\t\t\t<div class=\"elementor-widget-wrap elementor-element-populated\">\n\t\t\t\t\t\t<section class=\"elementor-section elementor-inner-section elementor-element elementor-element-1cd676f elementor-section-boxed elementor-section-height-default elementor-section-height-default\" data-id=\"1cd676f\" data-element_type=\"section\">\n\t\t\t\t\t\t<div class=\"elementor-container elementor-column-gap-no\">\n\t\t\t\t\t<div class=\"elementor-column elementor-col-100 elementor-inner-column elementor-element elementor-element-35e1b6f\" data-id=\"35e1b6f\" data-element_type=\"column\">\n\t\t\t<div class=\"elementor-widget-wrap elementor-element-populated\">\n\t\t\t\t\t\t<div class=\"elementor-element elementor-element-e305919 elementor-widget elementor-widget-text-editor\" data-id=\"e305919\" data-element_type=\"widget\" data-widget_type=\"text-editor.default\">\n\t\t\t\t<div class=\"elementor-widget-container\">\n\t\t\t\t\t\t\t<p>Name: GrupoGes<\/p>\n<p>VAT Number: B-57883449<\/p>\n<p>Address: c\/ Mart\u00ed Costa, 2 1er piso. 07013 Palma de Mallorca, Baleares, Spain<\/p>\n<p>Contact:\u00a0<a href=\"mailto:grupoges@grupoges.es\" data-toggle=\"tooltip\">grupoges@grupoges.es<\/a><\/p>\n<p>Legal registration: Registro Mercantil de Palma de Mallorca Page 155. Sheet PM75056. Book 0<\/p>\n<p><strong><br \/>Object<\/strong><\/p>\n<p>Grupo Ges, responsible for the website, makes this document available to users with which it intends to comply with the obligations set out in Law 34\/2002, of Information Society Services and Electronic Commerce (LSSI-CE), as well as to inform all users of the website regarding the conditions of use of the website.<\/p>\n<p>Any person accessing this website assumes the role of user, committing to the observance and strict compliance with the provisions herein, as well as any other legal provision that may be applicable.<\/p>\n<p>Grupo Ges reserves the right to modify any type of information that may appear on the website, without there being any obligation to give prior notice or inform users of said obligations, with publication on the provider\u2019s website being understood to be sufficient.<\/p>\n<p><strong><br \/>Responsibility<\/strong><\/p>\n<p>Grupo Ges disclaims any liability for the information published on its website, provided that this information has been manipulated or introduced by an external third party.<\/p>\n<p>From the customer\u2019s website it is possible that you may be redirected to content on third party websites. As Grupo Ges cannot always control the content of third party websites, Grupo Ges does not assume any responsibility for such content. In any case, Grupo Ges declares that it will proceed to the immediate withdrawal of any content that could contravene national or international legislation, morality or public order, proceeding to the immediate withdrawal of the redirection to said website, bringing the content in question to the attention of the competent authorities.<\/p>\n<p>Grupo Ges is not responsible for the information and contents stored, including but not limited to, in forums, chats, blog generators, comments, social networks or any other medium that allows third parties to publish content independently on the provider\u2019s website. However, and in compliance with the provisions of art. 11 and 16 of the LSSI-CE, Grupo Ges is available to all users, authorities and security forces, and actively collaborating in the removal or blocking of all content that could affect or contravene national or international legislation, the rights of third parties or morality and public order. In the event that the user considers that there is any content on the website that could be susceptible to this classification, please notify the website administrator immediately.<\/p>\n<p><strong><br \/>Intellectual and industrial property<\/strong><\/p>\n<p>The website, including, but not limited to, its programming, editing, compilation and other elements necessary for its operation, designs, logos, text and\/or graphics are the property of Grupo Ges or, if applicable, it has a licence or express authorisation from the authors. All the contents of the website are duly protected by intellectual and industrial property regulations, as well as registered in the corresponding public registers.<\/p>\n<p>Regardless of the purpose for which they were intended, the total or partial reproduction, use, exploitation, distribution and commercialisation, in any case requires prior written authorisation from Grupo Ges. Any unauthorised use shall be considered a serious breach of the author\u2019s intellectual or industrial property rights.<\/p>\n<p>The designs, logos, text and\/or graphics that do not belong to Grupo Ges and that may appear on the website belong to their respective owners, who are themselves responsible for any possible controversy that may arise with respect to the same. In any case, Grupo Ges has the express and prior authorisation of the owners.<\/p>\n<p>Grupo Ges recognises in favour of their owners the corresponding industrial and intellectual property rights, and their mere mention or appearance on the website does not imply the existence of any rights or responsibility whatsoever of the provider with regard to the same, nor any endorsement, sponsorship or recommendation by the same.<\/p>\n<p>To make any comments regarding possible breaches of intellectual or industrial property rights, as well as any of the contents of the website, you can do so by sending an e-mail to the following address\u00a0<a href=\"mailto:administracion@grupoges.es\">administracion@grupoges.es<\/a>.<\/p>\n<p><strong><br \/>Privacy policy<\/strong><\/p>\n<p>Grupo Ges guarantees that it acts in accordance with current data protection legislation, in particular the General Data Protection Regulation of the European Union (Regulation (EU) 2016\/679) and Organic Law 3\/2018 of 5 December on the Protection of Personal Data and guarantee of digital rights. Grupo Ges has therefore adopted a series of technical and organisational measures to ensure that personal data is processed lawfully, fairly and transparently.<\/p>\n<p>If personal data are collected from the user from the website, the data subject will be informed at that time about the use of his or her personal data, as well as about other issues that are of interest to the user.<\/p>\n<p><strong><br \/>Jurisdiction<\/strong><\/p>\n<p>For the resolution of all disputes or questions related to this website or the activities carried out therein, Spanish legislation shall apply, to which the parties expressly submit themselves, and the Courts and Tribunals of Palma de Mallorca shall be competent for the resolution of all disputes arising from or related to its use.<\/p>\t\t\t\t\t\t<\/div>\n\t\t\t\t<\/div>\n\t\t\t\t\t<\/div>\n\t\t<\/div>\n\t\t\t\t\t<\/div>\n\t\t<\/section>\n\t\t\t\t\t<\/div>\n\t\t<\/div>\n\t\t\t\t\t<\/div>\n\t\t<\/section>\n\t\t\t\t<\/div>\n\t\t","protected":false},"excerpt":{"rendered":"<p>Name: GrupoGes VAT Number: B-57883449 Address: c\/ Mart\u00ed Costa, 2 1er piso. 07013 Palma de Mallorca, Baleares, Spain Contact:\u00a0grupoges@grupoges.es Legal registration: Registro Mercantil de Palma de Mallorca Page 155. Sheet PM75056. Book 0 Object Grupo Ges, responsible for the website, makes this document available to users with which it intends to comply with the obligations&#8230;<\/p>\n","protected":false},"author":1,"featured_media":0,"parent":0,"menu_order":0,"comment_status":"closed","ping_status":"closed","template":"template-builder.php","meta":{"footnotes":""},"class_list":["post-11489","page","type-page","status-publish","hentry"],"yoast_head":"<!-- This site is optimized with the Yoast SEO plugin v23.5 - https:\/\/yoast.com\/wordpress\/plugins\/seo\/ -->\n<title>Legal notice - GrupoGes<\/title>\n<meta name=\"description\" content=\"At GrupoGes, we have been working since 1995 to make information a tool that optimizes the management and direction of your business.\" \/>\n<meta name=\"robots\" content=\"index, follow, max-snippet:-1, max-image-preview:large, max-video-preview:-1\" \/>\n<link rel=\"canonical\" href=\"https:\/\/grupoges.es\/en\/legal-notice\/\" \/>\n<meta property=\"og:locale\" content=\"en_US\" \/>\n<meta property=\"og:type\" content=\"article\" \/>\n<meta property=\"og:title\" content=\"Legal notice - GrupoGes\" \/>\n<meta property=\"og:description\" content=\"At GrupoGes, we have been working since 1995 to make information a tool that optimizes the management and direction of your business.\" \/>\n<meta property=\"og:url\" content=\"https:\/\/grupoges.es\/en\/legal-notice\/\" \/>\n<meta property=\"og:site_name\" content=\"GrupoGes\" \/>\n<meta property=\"article:modified_time\" content=\"2024-09-27T10:26:33+00:00\" \/>\n<meta name=\"twitter:card\" content=\"summary_large_image\" \/>\n<meta name=\"twitter:label1\" content=\"Est. reading time\" \/>\n\t<meta name=\"twitter:data1\" content=\"4 minutes\" \/>\n<script type=\"application\/ld+json\" class=\"yoast-schema-graph\">{\"@context\":\"https:\/\/schema.org\",\"@graph\":[{\"@type\":\"WebPage\",\"@id\":\"https:\/\/grupoges.es\/en\/legal-notice\/\",\"url\":\"https:\/\/grupoges.es\/en\/legal-notice\/\",\"name\":\"Legal notice - GrupoGes\",\"isPartOf\":{\"@id\":\"https:\/\/grupoges.es\/#website\"},\"datePublished\":\"2024-09-27T10:11:27+00:00\",\"dateModified\":\"2024-09-27T10:26:33+00:00\",\"description\":\"At GrupoGes, we have been working since 1995 to make information a tool that optimizes the management and direction of your business.\",\"breadcrumb\":{\"@id\":\"https:\/\/grupoges.es\/en\/legal-notice\/#breadcrumb\"},\"inLanguage\":\"en-US\",\"potentialAction\":[{\"@type\":\"ReadAction\",\"target\":[\"https:\/\/grupoges.es\/en\/legal-notice\/\"]}]},{\"@type\":\"BreadcrumbList\",\"@id\":\"https:\/\/grupoges.es\/en\/legal-notice\/#breadcrumb\",\"itemListElement\":[{\"@type\":\"ListItem\",\"position\":1,\"name\":\"Portada\",\"item\":\"https:\/\/grupoges.es\/en\/\"},{\"@type\":\"ListItem\",\"position\":2,\"name\":\"Legal notice\"}]},{\"@type\":\"WebSite\",\"@id\":\"https:\/\/grupoges.es\/#website\",\"url\":\"https:\/\/grupoges.es\/\",\"name\":\"GrupoGes\",\"description\":\"En GrupoGes llevamos desde el a\u00f1o 1995 trabajando para hacer de la informaci\u00f3n una herramienta que optimice la direcci\u00f3n y gesti\u00f3n de su negocio.\",\"potentialAction\":[{\"@type\":\"SearchAction\",\"target\":{\"@type\":\"EntryPoint\",\"urlTemplate\":\"https:\/\/grupoges.es\/?s={search_term_string}\"},\"query-input\":{\"@type\":\"PropertyValueSpecification\",\"valueRequired\":true,\"valueName\":\"search_term_string\"}}],\"inLanguage\":\"en-US\"}]}<\/script>\n<!-- \/ Yoast SEO plugin. -->","yoast_head_json":{"title":"Legal notice - GrupoGes","description":"At GrupoGes, we have been working since 1995 to make information a tool that optimizes the management and direction of your business.","robots":{"index":"index","follow":"follow","max-snippet":"max-snippet:-1","max-image-preview":"max-image-preview:large","max-video-preview":"max-video-preview:-1"},"canonical":"https:\/\/grupoges.es\/en\/legal-notice\/","og_locale":"en_US","og_type":"article","og_title":"Legal notice - GrupoGes","og_description":"At GrupoGes, we have been working since 1995 to make information a tool that optimizes the management and direction of your business.","og_url":"https:\/\/grupoges.es\/en\/legal-notice\/","og_site_name":"GrupoGes","article_modified_time":"2024-09-27T10:26:33+00:00","twitter_card":"summary_large_image","twitter_misc":{"Est. reading time":"4 minutes"},"schema":{"@context":"https:\/\/schema.org","@graph":[{"@type":"WebPage","@id":"https:\/\/grupoges.es\/en\/legal-notice\/","url":"https:\/\/grupoges.es\/en\/legal-notice\/","name":"Legal notice - GrupoGes","isPartOf":{"@id":"https:\/\/grupoges.es\/#website"},"datePublished":"2024-09-27T10:11:27+00:00","dateModified":"2024-09-27T10:26:33+00:00","description":"At GrupoGes, we have been working since 1995 to make information a tool that optimizes the management and direction of your business.","breadcrumb":{"@id":"https:\/\/grupoges.es\/en\/legal-notice\/#breadcrumb"},"inLanguage":"en-US","potentialAction":[{"@type":"ReadAction","target":["https:\/\/grupoges.es\/en\/legal-notice\/"]}]},{"@type":"BreadcrumbList","@id":"https:\/\/grupoges.es\/en\/legal-notice\/#breadcrumb","itemListElement":[{"@type":"ListItem","position":1,"name":"Portada","item":"https:\/\/grupoges.es\/en\/"},{"@type":"ListItem","position":2,"name":"Legal notice"}]},{"@type":"WebSite","@id":"https:\/\/grupoges.es\/#website","url":"https:\/\/grupoges.es\/","name":"GrupoGes","description":"En GrupoGes llevamos desde el a\u00f1o 1995 trabajando para hacer de la informaci\u00f3n una herramienta que optimice la direcci\u00f3n y gesti\u00f3n de su negocio.","potentialAction":[{"@type":"SearchAction","target":{"@type":"EntryPoint","urlTemplate":"https:\/\/grupoges.es\/?s={search_term_string}"},"query-input":{"@type":"PropertyValueSpecification","valueRequired":true,"valueName":"search_term_string"}}],"inLanguage":"en-US"}]}},"_links":{"self":[{"href":"https:\/\/grupoges.es\/en\/wp-json\/wp\/v2\/pages\/11489","targetHints":{"allow":["GET"]}}],"collection":[{"href":"https:\/\/grupoges.es\/en\/wp-json\/wp\/v2\/pages"}],"about":[{"href":"https:\/\/grupoges.es\/en\/wp-json\/wp\/v2\/types\/page"}],"author":[{"embeddable":true,"href":"https:\/\/grupoges.es\/en\/wp-json\/wp\/v2\/users\/1"}],"replies":[{"embeddable":true,"href":"https:\/\/grupoges.es\/en\/wp-json\/wp\/v2\/comments?post=11489"}],"version-history":[{"count":5,"href":"https:\/\/grupoges.es\/en\/wp-json\/wp\/v2\/pages\/11489\/revisions"}],"predecessor-version":[{"id":11533,"href":"https:\/\/grupoges.es\/en\/wp-json\/wp\/v2\/pages\/11489\/revisions\/11533"}],"wp:attachment":[{"href":"https:\/\/grupoges.es\/en\/wp-json\/wp\/v2\/media?parent=11489"}],"curies":[{"name":"wp","href":"https:\/\/api.w.org\/{rel}","templated":true}]}}