{"id":11515,"date":"2024-09-27T12:19:49","date_gmt":"2024-09-27T10:19:49","guid":{"rendered":"https:\/\/grupoges.es\/?page_id=11515"},"modified":"2024-09-27T12:26:58","modified_gmt":"2024-09-27T10:26:58","slug":"cookies-policy","status":"publish","type":"page","link":"https:\/\/grupoges.es\/en\/cookies-policy\/","title":{"rendered":"Cookies policy"},"content":{"rendered":"\t\t<div data-elementor-type=\"wp-page\" data-elementor-id=\"11515\" class=\"elementor elementor-11515 elementor-11514\">\n\t\t\t\t\t\t<section class=\"elementor-section elementor-top-section elementor-element elementor-element-33b4740 elementor-section-full_width elementor-section-height-default elementor-section-height-default\" data-id=\"33b4740\" data-element_type=\"section\">\n\t\t\t\t\t\t<div class=\"elementor-container elementor-column-gap-no\">\n\t\t\t\t\t<div class=\"elementor-column elementor-col-100 elementor-top-column elementor-element elementor-element-55f84ff\" data-id=\"55f84ff\" data-element_type=\"column\">\n\t\t\t<div class=\"elementor-widget-wrap elementor-element-populated\">\n\t\t\t\t\t\t<section class=\"elementor-section elementor-inner-section elementor-element elementor-element-1cd676f elementor-section-boxed elementor-section-height-default elementor-section-height-default\" data-id=\"1cd676f\" data-element_type=\"section\">\n\t\t\t\t\t\t<div class=\"elementor-container elementor-column-gap-no\">\n\t\t\t\t\t<div class=\"elementor-column elementor-col-100 elementor-inner-column elementor-element elementor-element-35e1b6f\" data-id=\"35e1b6f\" data-element_type=\"column\">\n\t\t\t<div class=\"elementor-widget-wrap elementor-element-populated\">\n\t\t\t\t\t\t<div class=\"elementor-element elementor-element-e305919 elementor-widget elementor-widget-text-editor\" data-id=\"e305919\" data-element_type=\"widget\" data-widget_type=\"text-editor.default\">\n\t\t\t\t<div class=\"elementor-widget-container\">\n\t\t\t\t\t\t\t<div class=\"page\" title=\"Page 8\">\n<div class=\"layoutArea\">\n<div class=\"column\">\n<p><strong>Who is the web editor?<br \/><\/strong>BALEAR DE INVESTIGACIONES S.L.<br \/>C\/ Marti\u0301 Costa, 2 1o 2o.<br \/>07013 Palma (Illes Balears)<br \/>B07756380<\/p>\n<\/div>\n<\/div>\n<\/div>\n<div class=\"page\" title=\"Page 8\">\n<div class=\"layoutArea\">\n<div class=\"column\">\n<p><strong>What are cookies?<br \/><\/strong>This website uses cookies and\/or similar technologies that store and retrieve information when you browse. In general, these technologies can be used for many different purposes, such as, for example, recognising you as a user, obtaining information about your browsing habits, or personalising the way in which content is displayed. The specific uses we make of these technologies are described below.<\/p>\n<\/div>\n<\/div>\n<\/div>\n<div class=\"page\" title=\"Page 8\">\n<div class=\"layoutArea\">\n<div class=\"column\">\n<p><b>What types of cookies are used on this website?<br \/><\/b>Our website uses its own cookies, as well as those of Google (more information at https:\/\/policies.google.com\/privacy?hl=es) and Facebook (more information at https:\/\/www.facebook.com\/about\/privacy\/) for the following purposes:<\/p>\n<div title=\"Page 8\">\n<div>\n<div>\n<ul>\n<li>\n<p>Necessary: necessary cookies are essential to be able to browse our website correctly, and therefore do not require the user\u2019s consent. For example, they are made up of cookies that temporarily save the user\u2019s preferences while browsing through the different pages, or allow secure user access in areas where required.<\/p>\n<\/li>\n<li>\n<p>Analysis: they allow us to quantify the number of users and thus carry out the measurement and statistical analysis of the use made by users of the website. To do this, your browsing on our website is analysed in order to improve the services offered by Google. The purposes of the cookies are detailed below.<\/p>\n<\/li>\n<li>\n<div title=\"Page 9\">\n<div>\n<div>\n<p>Advertising: they allow us to analyse your browsing habits on the Internet so that we can show you advertising related to your browsing profile.<\/p>\n<p>The cookies used by our website and their description are listed below:<br \/><br \/><\/p>\n<\/div>\n<\/div>\n<\/div>\n<\/li>\n<\/ul>\n<\/div>\n<\/div>\n<\/div>\n<\/div>\n<\/div>\n<\/div>\n<div>\n<div title=\"Page 9\">\n<div>\n<div>\n<table width=\"656\">\n<tbody>\n<tr>\n<td width=\"170\">\n<p><strong>Cookie<\/strong><\/p>\n<\/td>\n<td width=\"213\">\n<p><b>Description<\/b><\/p>\n<\/td>\n<td width=\"99\">\n<p><strong>Type<\/strong><\/p>\n<\/td>\n<td width=\"87\">\n<p><b>Entity that manages it<\/b><\/p>\n<\/td>\n<td width=\"87\">\n<p><strong>Duration<\/strong><\/p>\n<\/td>\n<\/tr>\n<tr>\n<td width=\"170\">\n<p>_fbp<\/p>\n<\/td>\n<td width=\"213\">\n<p>Facebook uses this cookie to display advertising on its platforms, after visiting this web page.<\/p>\n<\/td>\n<td width=\"99\">\n<p>Advertising<\/p>\n<\/td>\n<td width=\"87\">\n<p>Facebook<\/p>\n<\/td>\n<td width=\"87\">\n<p>3 months<\/p>\n<\/td>\n<\/tr>\n<tr>\n<td width=\"170\">\n<p>_ga_54B7WTM9BC<\/p>\n<\/td>\n<td width=\"213\">\n<p>This cookie is installed by Google Analytics.<\/p>\n<\/td>\n<td width=\"99\">\n<p>Analysis<\/p>\n<\/td>\n<td width=\"87\">\n<p>Google<\/p>\n<\/td>\n<td width=\"87\">\n<p>2 years<\/p>\n<\/td>\n<\/tr>\n<tr>\n<td width=\"170\">\n<p>_ga<\/p>\n<\/td>\n<td width=\"213\">\n<div title=\"Page 5\">\n<div>\n<div>\n<div>\n<p>Google analytics cookie that calculates visitors, sessions, campaign data, and keeps track of web usage. The information it stores is anonymous and uses random numbers to uniquely identify visitors.<\/p>\n<\/div>\n<\/div>\n<\/div>\n<\/div>\n<\/td>\n<td width=\"99\">\n<p>Analysis<\/p>\n<\/td>\n<td width=\"87\">\n<p>Google<\/p>\n<\/td>\n<td width=\"87\">\n<p>2 years<\/p>\n<\/td>\n<\/tr>\n<tr>\n<td width=\"170\">\n<p>_gid<\/p>\n<\/td>\n<td width=\"213\">\n<div title=\"Page 5\">\n<div>\n<div>\n<div>\n<p>Stores information about how visitors use the website, in order to create reports and analytics. They anonymously store the number of visitors, where they come from and the pages visited.<\/p>\n<\/div>\n<\/div>\n<\/div>\n<\/div>\n<\/td>\n<td width=\"99\">\n<p>Analysis<\/p>\n<\/td>\n<td width=\"87\">\n<p>Google<\/p>\n<\/td>\n<td width=\"87\">\n<p>1 day<\/p>\n<\/td>\n<\/tr>\n<tr>\n<td width=\"170\">\n<p>_gat_gtag_UA_156896900_17<\/p>\n<\/td>\n<td width=\"213\">\n<div title=\"Page 5\">\n<div>\n<div>\n<p>Google Analytics cookie used to distinguish users.<\/p>\n<\/div>\n<\/div>\n<\/div>\n<\/td>\n<td width=\"99\">\n<p>Analysis<\/p>\n<\/td>\n<td width=\"87\">\n<p>Google<\/p>\n<\/td>\n<td width=\"87\">\n<p>1 min<\/p>\n<\/td>\n<\/tr>\n<tr>\n<td width=\"170\">\n<p>elementor<\/p>\n<\/td>\n<td width=\"213\">\n<p>This cookie is used by the WordPress theme of the website. It allows the website owner to implement or change the content of the website in real time.<\/p>\n<\/td>\n<td width=\"99\">\n<p>Needed<\/p>\n<\/td>\n<td width=\"87\">\n<p>Propia<\/p>\n<\/td>\n<td width=\"87\">\n<p>Never<\/p>\n<\/td>\n<\/tr>\n<tr>\n<td width=\"170\">\n<p>wp-wpml_current_language<\/p>\n<\/td>\n<td width=\"213\">\n<p>Cookie used by WordPress to store the language chosen by the user during the session.<\/p>\n<\/td>\n<td width=\"99\">\n<p>Needed<\/p>\n<\/td>\n<td width=\"87\">\n<p>Propia<\/p>\n<\/td>\n<td width=\"87\">\n<p>Session<\/p>\n<\/td>\n<\/tr>\n<\/tbody>\n<\/table>\n<div>\n<p>\u00a0<\/p>\n<\/div>\n<p>You can allow or block cookies, as well as delete your browsing data (including cookies) from the browser you are using. Please refer to the options and instructions provided by your browser to do so. Please note that if you accept third-party cookies, you must delete them from your browser options.<\/p>\n<p>Finally, we inform you that you can exercise your rights under Chapter III of the General Data Protection Regulation, access, rectification, limitation, portability, cancellation and opposition. For more information you can find it in the Privacy Policy of our website.<\/p>\n<\/div>\n<\/div>\n<\/div>\n<\/div>\t\t\t\t\t\t<\/div>\n\t\t\t\t<\/div>\n\t\t\t\t\t<\/div>\n\t\t<\/div>\n\t\t\t\t\t<\/div>\n\t\t<\/section>\n\t\t\t\t\t<\/div>\n\t\t<\/div>\n\t\t\t\t\t<\/div>\n\t\t<\/section>\n\t\t\t\t<\/div>\n\t\t","protected":false},"excerpt":{"rendered":"<p>Who is the web editor?BALEAR DE INVESTIGACIONES S.L.C\/ Marti\u0301 Costa, 2 1o 2o.07013 Palma (Illes Balears)B07756380 What are cookies?This website uses cookies and\/or similar technologies that store and retrieve information when you browse. In general, these technologies can be used for many different purposes, such as, for example, recognising you as a user, obtaining information&#8230;<\/p>\n","protected":false},"author":1,"featured_media":0,"parent":0,"menu_order":0,"comment_status":"closed","ping_status":"closed","template":"template-builder.php","meta":{"footnotes":""},"class_list":["post-11515","page","type-page","status-publish","hentry"],"yoast_head":"<!-- This site is optimized with the Yoast SEO plugin v23.5 - https:\/\/yoast.com\/wordpress\/plugins\/seo\/ -->\n<title>Cookies policy - GrupoGes<\/title>\n<meta name=\"description\" content=\"At GrupoGes, we have been working since 1995 to make information a tool that optimizes the management and direction of your business.\" \/>\n<meta name=\"robots\" content=\"index, follow, max-snippet:-1, max-image-preview:large, max-video-preview:-1\" \/>\n<link rel=\"canonical\" href=\"https:\/\/grupoges.es\/en\/cookies-policy\/\" \/>\n<meta property=\"og:locale\" content=\"en_US\" \/>\n<meta property=\"og:type\" content=\"article\" \/>\n<meta property=\"og:title\" content=\"Cookies policy - GrupoGes\" \/>\n<meta property=\"og:description\" content=\"At GrupoGes, we have been working since 1995 to make information a tool that optimizes the management and direction of your business.\" \/>\n<meta property=\"og:url\" content=\"https:\/\/grupoges.es\/en\/cookies-policy\/\" \/>\n<meta property=\"og:site_name\" content=\"GrupoGes\" \/>\n<meta property=\"article:modified_time\" content=\"2024-09-27T10:26:58+00:00\" \/>\n<meta name=\"twitter:card\" content=\"summary_large_image\" \/>\n<meta name=\"twitter:label1\" content=\"Est. reading time\" \/>\n\t<meta name=\"twitter:data1\" content=\"3 minutes\" \/>\n<script type=\"application\/ld+json\" class=\"yoast-schema-graph\">{\"@context\":\"https:\/\/schema.org\",\"@graph\":[{\"@type\":\"WebPage\",\"@id\":\"https:\/\/grupoges.es\/en\/cookies-policy\/\",\"url\":\"https:\/\/grupoges.es\/en\/cookies-policy\/\",\"name\":\"Cookies policy - GrupoGes\",\"isPartOf\":{\"@id\":\"https:\/\/grupoges.es\/#website\"},\"datePublished\":\"2024-09-27T10:19:49+00:00\",\"dateModified\":\"2024-09-27T10:26:58+00:00\",\"description\":\"At GrupoGes, we have been working since 1995 to make information a tool that optimizes the management and direction of your business.\",\"breadcrumb\":{\"@id\":\"https:\/\/grupoges.es\/en\/cookies-policy\/#breadcrumb\"},\"inLanguage\":\"en-US\",\"potentialAction\":[{\"@type\":\"ReadAction\",\"target\":[\"https:\/\/grupoges.es\/en\/cookies-policy\/\"]}]},{\"@type\":\"BreadcrumbList\",\"@id\":\"https:\/\/grupoges.es\/en\/cookies-policy\/#breadcrumb\",\"itemListElement\":[{\"@type\":\"ListItem\",\"position\":1,\"name\":\"Portada\",\"item\":\"https:\/\/grupoges.es\/en\/\"},{\"@type\":\"ListItem\",\"position\":2,\"name\":\"Cookies policy\"}]},{\"@type\":\"WebSite\",\"@id\":\"https:\/\/grupoges.es\/#website\",\"url\":\"https:\/\/grupoges.es\/\",\"name\":\"GrupoGes\",\"description\":\"En GrupoGes llevamos desde el a\u00f1o 1995 trabajando para hacer de la informaci\u00f3n una herramienta que optimice la direcci\u00f3n y gesti\u00f3n de su negocio.\",\"potentialAction\":[{\"@type\":\"SearchAction\",\"target\":{\"@type\":\"EntryPoint\",\"urlTemplate\":\"https:\/\/grupoges.es\/?s={search_term_string}\"},\"query-input\":{\"@type\":\"PropertyValueSpecification\",\"valueRequired\":true,\"valueName\":\"search_term_string\"}}],\"inLanguage\":\"en-US\"}]}<\/script>\n<!-- \/ Yoast SEO plugin. -->","yoast_head_json":{"title":"Cookies policy - GrupoGes","description":"At GrupoGes, we have been working since 1995 to make information a tool that optimizes the management and direction of your business.","robots":{"index":"index","follow":"follow","max-snippet":"max-snippet:-1","max-image-preview":"max-image-preview:large","max-video-preview":"max-video-preview:-1"},"canonical":"https:\/\/grupoges.es\/en\/cookies-policy\/","og_locale":"en_US","og_type":"article","og_title":"Cookies policy - GrupoGes","og_description":"At GrupoGes, we have been working since 1995 to make information a tool that optimizes the management and direction of your business.","og_url":"https:\/\/grupoges.es\/en\/cookies-policy\/","og_site_name":"GrupoGes","article_modified_time":"2024-09-27T10:26:58+00:00","twitter_card":"summary_large_image","twitter_misc":{"Est. reading time":"3 minutes"},"schema":{"@context":"https:\/\/schema.org","@graph":[{"@type":"WebPage","@id":"https:\/\/grupoges.es\/en\/cookies-policy\/","url":"https:\/\/grupoges.es\/en\/cookies-policy\/","name":"Cookies policy - GrupoGes","isPartOf":{"@id":"https:\/\/grupoges.es\/#website"},"datePublished":"2024-09-27T10:19:49+00:00","dateModified":"2024-09-27T10:26:58+00:00","description":"At GrupoGes, we have been working since 1995 to make information a tool that optimizes the management and direction of your business.","breadcrumb":{"@id":"https:\/\/grupoges.es\/en\/cookies-policy\/#breadcrumb"},"inLanguage":"en-US","potentialAction":[{"@type":"ReadAction","target":["https:\/\/grupoges.es\/en\/cookies-policy\/"]}]},{"@type":"BreadcrumbList","@id":"https:\/\/grupoges.es\/en\/cookies-policy\/#breadcrumb","itemListElement":[{"@type":"ListItem","position":1,"name":"Portada","item":"https:\/\/grupoges.es\/en\/"},{"@type":"ListItem","position":2,"name":"Cookies policy"}]},{"@type":"WebSite","@id":"https:\/\/grupoges.es\/#website","url":"https:\/\/grupoges.es\/","name":"GrupoGes","description":"En GrupoGes llevamos desde el a\u00f1o 1995 trabajando para hacer de la informaci\u00f3n una herramienta que optimice la direcci\u00f3n y gesti\u00f3n de su negocio.","potentialAction":[{"@type":"SearchAction","target":{"@type":"EntryPoint","urlTemplate":"https:\/\/grupoges.es\/?s={search_term_string}"},"query-input":{"@type":"PropertyValueSpecification","valueRequired":true,"valueName":"search_term_string"}}],"inLanguage":"en-US"}]}},"_links":{"self":[{"href":"https:\/\/grupoges.es\/en\/wp-json\/wp\/v2\/pages\/11515","targetHints":{"allow":["GET"]}}],"collection":[{"href":"https:\/\/grupoges.es\/en\/wp-json\/wp\/v2\/pages"}],"about":[{"href":"https:\/\/grupoges.es\/en\/wp-json\/wp\/v2\/types\/page"}],"author":[{"embeddable":true,"href":"https:\/\/grupoges.es\/en\/wp-json\/wp\/v2\/users\/1"}],"replies":[{"embeddable":true,"href":"https:\/\/grupoges.es\/en\/wp-json\/wp\/v2\/comments?post=11515"}],"version-history":[{"count":5,"href":"https:\/\/grupoges.es\/en\/wp-json\/wp\/v2\/pages\/11515\/revisions"}],"predecessor-version":[{"id":11536,"href":"https:\/\/grupoges.es\/en\/wp-json\/wp\/v2\/pages\/11515\/revisions\/11536"}],"wp:attachment":[{"href":"https:\/\/grupoges.es\/en\/wp-json\/wp\/v2\/media?parent=11515"}],"curies":[{"name":"wp","href":"https:\/\/api.w.org\/{rel}","templated":true}]}}